{"id":5274,"date":"2026-01-31T23:08:48","date_gmt":"2026-01-31T23:08:48","guid":{"rendered":"https:\/\/helenelopez.com\/legales\/"},"modified":"2026-01-31T23:28:18","modified_gmt":"2026-01-31T23:28:18","slug":"legal","status":"publish","type":"page","link":"https:\/\/helenelopez.com\/fr\/legal\/","title":{"rendered":"Mentions l\u00e9gales Conditions g\u00e9n\u00e9rales de vente Politique de confidentialit\u00e9"},"content":{"rendered":"\t\t<div data-elementor-type=\"wp-page\" data-elementor-id=\"5274\" class=\"elementor elementor-5274 elementor-5239\" data-elementor-post-type=\"page\">\n\t\t\t\t\t\t<section class=\"elementor-section elementor-top-section elementor-element elementor-element-14970bf elementor-section-boxed elementor-section-height-default elementor-section-height-default\" data-id=\"14970bf\" data-element_type=\"section\" data-settings=\"{&quot;background_background&quot;:&quot;classic&quot;}\">\n\t\t\t\t\t\t\t<div class=\"elementor-background-overlay\"><\/div>\n\t\t\t\t\t\t\t<div class=\"elementor-container elementor-column-gap-default\">\n\t\t\t\t\t<div class=\"elementor-column elementor-col-100 elementor-top-column elementor-element elementor-element-d3e6fe0\" data-id=\"d3e6fe0\" data-element_type=\"column\">\n\t\t\t<div class=\"elementor-widget-wrap elementor-element-populated\">\n\t\t\t\t\t\t\t<\/div>\n\t\t<\/div>\n\t\t\t\t\t<\/div>\n\t\t<\/section>\n\t\t<div class=\"elementor-element elementor-element-3863af9 e-flex e-con-boxed e-con e-parent\" data-id=\"3863af9\" data-element_type=\"container\">\n\t\t\t\t\t<div class=\"e-con-inner\">\n\t\t\t\t<div class=\"elementor-element elementor-element-9ace4b8 elementor-widget elementor-widget-text-editor\" data-id=\"9ace4b8\" data-element_type=\"widget\" data-widget_type=\"text-editor.default\">\n\t\t\t\t\t\t\t\t\t<p>Mentions l\u00e9gales<\/p><p class=\"font_9 wixui-rich-text__text\"><span class=\"wixui-rich-text__text\"><span class=\"color_41 wixui-rich-text__text\">\u00c9diteur :<br class=\"wixui-rich-text__text\" \/>Nom : H\u00e9l\u00e8ne Lopez<br class=\"wixui-rich-text__text\" \/>Num\u00e9ro d\u2019identification : X7920585Y<br class=\"wixui-rich-text__text\" \/>Adresse : Carrer Sant Miquel, 36<br class=\"wixui-rich-text__text\" \/>T\u00e9l\u00e9phone : 650 247 242<br class=\"wixui-rich-text__text\" \/>E-mail : helene-lopez@hotmail.com<\/span><\/span><\/p><p class=\"font_9 wixui-rich-text__text\"><span class=\"wixui-rich-text__text\"><span class=\"color_41 wixui-rich-text__text\">Directrice de la publication :<br class=\"wixui-rich-text__text\" \/>H\u00e9l\u00e8ne Lopez<\/span><\/span><\/p><p class=\"font_9 wixui-rich-text__text\"><span class=\"wixui-rich-text__text\"><span class=\"color_41 wixui-rich-text__text\">Fournisseur d&rsquo;h\u00e9bergement :<br class=\"wixui-rich-text__text\" \/>Nom du fournisseur : Wix<br class=\"wixui-rich-text__text\" \/>Adresse : 500 Terry A Francois Blvd, Fl 6, San Francisco, Californie, 94158-2230, \u00c9tats-Unis<br class=\"wixui-rich-text__text\" \/>T\u00e9l\u00e9phone : +1 (855) 946-9843<\/span><\/span><\/p><p class=\"font_9 wixui-rich-text__text\"><span class=\"wixui-rich-text__text\"><span class=\"color_41 wixui-rich-text__text\">\u200b<\/span><\/span><\/p><p class=\"font_9 wixui-rich-text__text\"><span class=\"wixui-rich-text__text\"><span class=\"color_41 wixui-rich-text__text\">Politique de confidentialit\u00e9<\/span><\/span><\/p><p class=\"font_9 wixui-rich-text__text\"><span class=\"wixui-rich-text__text\"><span class=\"color_41 wixui-rich-text__text\">Je m\u2019engage \u00e0 prot\u00e9ger la vie priv\u00e9e des utilisateurs de mon site web. Je ne collecte pas de donn\u00e9es personnelles, sauf si elles sont fournies volontairement par les utilisateurs (par exemple, via un formulaire de contact). Les donn\u00e9es personnelles recueillies sont utilis\u00e9es uniquement pour r\u00e9pondre aux demandes et ne sont pas partag\u00e9es avec des tiers sans le consentement des utilisateurs.<\/span><\/span><\/p><p class=\"font_9 wixui-rich-text__text\"><span class=\"wixui-rich-text__text\"><span class=\"color_41 wixui-rich-text__text\">\u200b<\/span><\/span><\/p><p class=\"font_9 wixui-rich-text__text\"><span class=\"wixui-rich-text__text\"><span class=\"color_41 wixui-rich-text__text\">Politique de cookies<\/span><\/span><\/p><p class=\"font_9 wixui-rich-text__text\"><span class=\"wixui-rich-text__text\"><span class=\"color_41 wixui-rich-text__text\">Mon site web peut utiliser des cookies pour am\u00e9liorer l\u2019exp\u00e9rience utilisateur. Les cookies sont de petits fichiers stock\u00e9s sur votre appareil qui permettent de m\u00e9moriser vos pr\u00e9f\u00e9rences et d\u2019analyser l\u2019utilisation du site. Vous pouvez g\u00e9rer vos pr\u00e9f\u00e9rences en mati\u00e8re de cookies dans les param\u00e8tres de votre navigateur.<\/span><\/span><\/p><p class=\"font_9 wixui-rich-text__text\"><span class=\"wixui-rich-text__text\"><span class=\"color_41 wixui-rich-text__text\">\u200b<\/span><\/span><\/p><p class=\"font_9 wixui-rich-text__text\"><span class=\"wixui-rich-text__text\"><span class=\"color_41 wixui-rich-text__text\">Services propos\u00e9s<\/span><\/span><\/p><ul class=\"font_9 color_41 wixui-rich-text__text\"><li class=\"wixui-rich-text__text\"><p class=\"font_9 wixui-rich-text__text\"><span class=\"wixui-rich-text__text\"><span class=\"color_41 wixui-rich-text__text\">Consultations en naturopathie fonctionnelle<\/span><\/span><\/p><\/li><li class=\"wixui-rich-text__text\"><p class=\"font_9 wixui-rich-text__text\"><span class=\"wixui-rich-text__text\"><span class=\"color_41 wixui-rich-text__text\">S\u00e9ances de neurofeedback<\/span><\/span><\/p><\/li><li class=\"wixui-rich-text__text\"><p class=\"font_9 wixui-rich-text__text\"><span class=\"wixui-rich-text__text\"><span class=\"color_41 wixui-rich-text__text\">Location de syst\u00e8me de neurofeedback<\/span><\/span><\/p><\/li><li class=\"wixui-rich-text__text\"><p class=\"font_9 wixui-rich-text__text\"><span class=\"wixui-rich-text__text\"><span class=\"color_41 wixui-rich-text__text\">\u200b<\/span><\/span><\/p><\/li><\/ul><p class=\"font_9 wixui-rich-text__text\"><span class=\"wixui-rich-text__text\"><span class=\"color_41 wixui-rich-text__text\">Code de d\u00e9ontologie<\/span><\/span><\/p><p class=\"font_9 wixui-rich-text__text\"><span class=\"wixui-rich-text__text\"><span class=\"color_41 wixui-rich-text__text\">J\u2019adh\u00e8re au code de d\u00e9ontologie de l\u2019ASESTENA, garantissant ainsi un haut niveau de professionnalisme et d\u2019\u00e9thique dans ma pratique.<\/span><\/span><\/p><div id=\"comp-m21nimy7\" class=\"Z_l5lU ku3DBC zQ9jDz qvSjx3 Vq6kJx comp-m21nimy7 wixui-rich-text\" data-testid=\"richTextElement\"><p class=\"font_9 wixui-rich-text__text\"><span class=\"wixui-rich-text__text\"><span class=\"color_41 wixui-rich-text__text\">Politique de Confidentialit\u00e9<\/span><\/span><\/p><p class=\"font_9 wixui-rich-text__text\"><span class=\"wixui-rich-text__text\"><span class=\"color_41 wixui-rich-text__text\">\u200b<\/span><\/span><\/p><p class=\"font_9 wixui-rich-text__text\"><span class=\"wixui-rich-text__text\"><span class=\"color_41 wixui-rich-text__text\">Derni\u00e8re mise \u00e0 jour : 09\/10\/2024<\/span><\/span><\/p><p class=\"font_9 wixui-rich-text__text\"><span class=\"wixui-rich-text__text\"><span class=\"color_41 wixui-rich-text__text\">Cette Politique de Confidentialit\u00e9 d\u00e9crit comment H\u00e9l\u00e8ne Lopez (ci-apr\u00e8s, \u00ab\u00a0je\u00a0\u00bb ou \u00ab\u00a0mon\u00a0\u00bb) collecte, utilise et prot\u00e8ge les informations personnelles des utilisateurs de ce site web.<\/span><\/span><\/p><p class=\"font_9 wixui-rich-text__text\"><span class=\"wixui-rich-text__text\"><span class=\"color_41 wixui-rich-text__text\">1. Informations que je collecte<\/span><\/span><\/p><p class=\"font_9 wixui-rich-text__text\"><span class=\"wixui-rich-text__text\"><span class=\"color_41 wixui-rich-text__text\">Je recueille les informations personnelles que les utilisateurs fournissent volontairement via des formulaires de contact ou des courriers \u00e9lectroniques, telles que leur nom et leur adresse e-mail.<\/span><\/span><\/p><p class=\"font_9 wixui-rich-text__text\"><span class=\"wixui-rich-text__text\"><span class=\"color_41 wixui-rich-text__text\">2. Utilisation des informations<\/span><\/span><\/p><p class=\"font_9 wixui-rich-text__text\"><span class=\"wixui-rich-text__text\"><span class=\"color_41 wixui-rich-text__text\">Les informations collect\u00e9es sont utilis\u00e9es exclusivement pour r\u00e9pondre aux demandes et fournir des informations sur mes services de naturopathie. Elles ne sont pas partag\u00e9es avec des tiers sans le consentement des utilisateurs.<\/span><\/span><\/p><p class=\"font_9 wixui-rich-text__text\"><span class=\"wixui-rich-text__text\"><span class=\"color_41 wixui-rich-text__text\">3. Base l\u00e9gale pour le traitement des donn\u00e9es<\/span><\/span><\/p><p class=\"font_9 wixui-rich-text__text\"><span class=\"wixui-rich-text__text\"><span class=\"color_41 wixui-rich-text__text\">Le traitement des donn\u00e9es repose sur le consentement des utilisateurs et sur l\u2019int\u00e9r\u00eat l\u00e9gitime de fournir mes services.<\/span><\/span><\/p><p class=\"font_9 wixui-rich-text__text\"><span class=\"wixui-rich-text__text\"><span class=\"color_41 wixui-rich-text__text\">4. Droits des utilisateurs<\/span><\/span><\/p><p class=\"font_9 wixui-rich-text__text\"><span class=\"wixui-rich-text__text\"><span class=\"color_41 wixui-rich-text__text\">Les utilisateurs ont le droit de :<\/span><\/span><\/p><ul class=\"font_9 color_41 wixui-rich-text__text\"><li class=\"wixui-rich-text__text\"><p class=\"font_9 wixui-rich-text__text\"><span class=\"wixui-rich-text__text\"><span class=\"color_41 wixui-rich-text__text\">Acc\u00e8s : Savoir si je traite leurs donn\u00e9es personnelles.<\/span><\/span><\/p><\/li><li class=\"wixui-rich-text__text\"><p class=\"font_9 wixui-rich-text__text\"><span class=\"wixui-rich-text__text\"><span class=\"color_41 wixui-rich-text__text\">Rectification : Demander la correction des donn\u00e9es inexactes ou incompl\u00e8tes.<\/span><\/span><\/p><\/li><li class=\"wixui-rich-text__text\"><p class=\"font_9 wixui-rich-text__text\"><span class=\"wixui-rich-text__text\"><span class=\"color_41 wixui-rich-text__text\">Suppression : Demander la suppression de leurs donn\u00e9es.<\/span><\/span><\/p><\/li><li class=\"wixui-rich-text__text\"><p class=\"font_9 wixui-rich-text__text\"><span class=\"wixui-rich-text__text\"><span class=\"color_41 wixui-rich-text__text\">Limitation : Demander la limitation du traitement de leurs donn\u00e9es dans certaines circonstances.<\/span><\/span><\/p><\/li><li class=\"wixui-rich-text__text\"><p class=\"font_9 wixui-rich-text__text\"><span class=\"wixui-rich-text__text\"><span class=\"color_41 wixui-rich-text__text\">Opposition : S\u2019opposer au traitement de leurs donn\u00e9es.<\/span><\/span><\/p><\/li><li class=\"wixui-rich-text__text\"><p class=\"font_9 wixui-rich-text__text\"><span class=\"wixui-rich-text__text\"><span class=\"color_41 wixui-rich-text__text\">Portabilit\u00e9 : Demander le transfert de leurs donn\u00e9es \u00e0 un autre responsable.<\/span><\/span><\/p><\/li><\/ul><p class=\"font_9 wixui-rich-text__text\"><span class=\"wixui-rich-text__text\"><span class=\"color_41 wixui-rich-text__text\">Pour exercer ces droits, les utilisateurs peuvent me contacter en utilisant les informations fournies \u00e0 la fin de cette politique.<\/span><\/span><\/p><p class=\"font_9 wixui-rich-text__text\"><span class=\"wixui-rich-text__text\"><span class=\"color_41 wixui-rich-text__text\">5. S\u00e9curit\u00e9<\/span><\/span><\/p><p class=\"font_9 wixui-rich-text__text\"><span class=\"wixui-rich-text__text\"><span class=\"color_41 wixui-rich-text__text\">Je mets en \u0153uvre des mesures raisonnables pour prot\u00e9ger les informations personnelles des utilisateurs et \u00e9viter leur divulgation non autoris\u00e9e.<\/span><\/span><\/p><p class=\"font_9 wixui-rich-text__text\"><span class=\"wixui-rich-text__text\"><span class=\"color_41 wixui-rich-text__text\">6. Dur\u00e9e de conservation des donn\u00e9es<\/span><\/span><\/p><p class=\"font_9 wixui-rich-text__text\"><span class=\"wixui-rich-text__text\"><span class=\"color_41 wixui-rich-text__text\">Les donn\u00e9es personnelles sont conserv\u00e9es aussi longtemps que n\u00e9cessaire pour atteindre les objectifs pour lesquels elles ont \u00e9t\u00e9 collect\u00e9es, conform\u00e9ment aux obligations l\u00e9gales applicables.<\/span><\/span><\/p><p class=\"font_9 wixui-rich-text__text\"><span class=\"wixui-rich-text__text\"><span class=\"color_41 wixui-rich-text__text\">7. Cookies<\/span><\/span><\/p><p class=\"font_9 wixui-rich-text__text\"><span class=\"wixui-rich-text__text\"><span class=\"color_41 wixui-rich-text__text\">Ce site web peut utiliser des cookies pour am\u00e9liorer l\u2019exp\u00e9rience des utilisateurs. Les utilisateurs peuvent configurer leurs navigateurs pour refuser les cookies, bien que cela puisse affecter la fonctionnalit\u00e9 du site.<\/span><\/span><\/p><p class=\"font_9 wixui-rich-text__text\"><span class=\"wixui-rich-text__text\"><span class=\"color_41 wixui-rich-text__text\">8. Modifications de la Politique<\/span><\/span><\/p><p class=\"font_9 wixui-rich-text__text\"><span class=\"wixui-rich-text__text\"><span class=\"color_41 wixui-rich-text__text\">Je me r\u00e9serve le droit de modifier cette Politique de Confidentialit\u00e9 \u00e0 tout moment. Toute modification sera publi\u00e9e sur cette page et les utilisateurs en seront inform\u00e9s.<\/span><\/span><\/p><p class=\"font_9 wixui-rich-text__text\"><span class=\"wixui-rich-text__text\"><span class=\"color_41 wixui-rich-text__text\">9. Contact<\/span><\/span><\/p><p class=\"font_9 wixui-rich-text__text\"><span class=\"wixui-rich-text__text\"><span class=\"color_41 wixui-rich-text__text\">Si vous avez des questions concernant cette politique ou si vous souhaitez exercer l\u2019un de vos droits, vous pouvez me contacter \u00e0 :<\/span><\/span><\/p><p class=\"font_9 wixui-rich-text__text\"><span class=\"wixui-rich-text__text\"><span class=\"color_41 wixui-rich-text__text\">E-mail :\u00a0<a class=\"wixui-rich-text__text\" href=\"mailto:helene-lopez@hotmail.com\" data-auto-recognition=\"true\">helene-lopez@hotmail.com<\/a><br class=\"wixui-rich-text__text\" \/>T\u00e9l\u00e9phone : 650 247 242<\/span><\/span><\/p><\/div><div id=\"comp-m21nmtzj\" class=\"Z_l5lU ku3DBC zQ9jDz qvSjx3 Vq6kJx comp-m21nmtzj wixui-rich-text\" data-testid=\"richTextElement\"><p class=\"font_9 wixui-rich-text__text\"><span class=\"wixui-rich-text__text\">Conditions G\u00e9n\u00e9rales de Vente (CGV)<\/span><\/p><p class=\"font_9 wixui-rich-text__text\"><span class=\"color_41 wixui-rich-text__text\"><span class=\"wixui-rich-text__text\"><span class=\"wixGuard wixui-rich-text__text\">\u200b<\/span><\/span><\/span><\/p><p class=\"font_8 wixui-rich-text__text\"><span class=\"color_41 wixui-rich-text__text\"><span class=\"wixui-rich-text__text\">Derni\u00e8re mise \u00e0 jour : 09\/10\/2024<\/span><\/span><\/p><p class=\"font_8 wixui-rich-text__text\"><span class=\"color_41 wixui-rich-text__text\"><span class=\"wixui-rich-text__text\">Les pr\u00e9sentes conditions g\u00e9n\u00e9rales de vente r\u00e9gissent la prestation de services via le site web d\u2019H\u00e9l\u00e8ne Lopez (ci-apr\u00e8s \u00ab\u00a0je\u00a0\u00bb ou \u00ab\u00a0mon\u00a0\u00bb). En sollicitant mes services, le client accepte ces conditions.<\/span><\/span><\/p><p class=\"font_8 wixui-rich-text__text\"><span class=\"color_41 wixui-rich-text__text\"><span class=\"wixui-rich-text__text\">1. Identification du Prestataire de Services<\/span><\/span><\/p><p class=\"font_8 wixui-rich-text__text\"><span class=\"color_41 wixui-rich-text__text\"><span class=\"wixui-rich-text__text\">Nom : H\u00e9l\u00e8ne Lopez<br class=\"wixui-rich-text__text\" \/>Num\u00e9ro d\u2019identification fiscale : X7920585Y<br class=\"wixui-rich-text__text\" \/>Adresse : Carrer Sant Miquel, 36<br class=\"wixui-rich-text__text\" \/>E-mail : helene-lopez@hotmail.com<br class=\"wixui-rich-text__text\" \/>T\u00e9l\u00e9phone : 650 247 242<\/span><\/span><\/p><p class=\"font_8 wixui-rich-text__text\"><span class=\"color_41 wixui-rich-text__text\"><span class=\"wixui-rich-text__text\">2. Objet du Service<\/span><\/span><\/p><p class=\"font_8 wixui-rich-text__text\"><span class=\"color_41 wixui-rich-text__text\"><span class=\"wixui-rich-text__text\">Les pr\u00e9sentes conditions r\u00e9gissent la prestation de services de naturopathie fonctionnelle et de s\u00e9ances de neurofeedback.<\/span><\/span><\/p><p class=\"font_8 wixui-rich-text__text\"><span class=\"color_41 wixui-rich-text__text\"><span class=\"wixui-rich-text__text\">3. Processus de Commande<\/span><\/span><\/p><p class=\"font_8 wixui-rich-text__text\"><span class=\"color_41 wixui-rich-text__text\"><span class=\"wixui-rich-text__text\">Le client peut solliciter les services via le site web ou par contact direct.<\/span><\/span><\/p><p class=\"font_8 wixui-rich-text__text\"><span class=\"color_41 wixui-rich-text__text\"><span class=\"wixui-rich-text__text\">Une fois la demande re\u00e7ue, la disponibilit\u00e9 sera confirm\u00e9e et un devis sera envoy\u00e9, si n\u00e9cessaire.<\/span><\/span><\/p><p class=\"font_8 wixui-rich-text__text\"><span class=\"color_41 wixui-rich-text__text\"><span class=\"wixui-rich-text__text\">4. Tarifs et Paiements<\/span><\/span><\/p><p class=\"font_8 wixui-rich-text__text\"><span class=\"color_41 wixui-rich-text__text\"><span class=\"wixui-rich-text__text\">Les tarifs des services seront indiqu\u00e9s dans le devis ou dans la description du service sur le site.<\/span><\/span><\/p><p class=\"font_8 wixui-rich-text__text\"><span class=\"color_41 wixui-rich-text__text\"><span class=\"wixui-rich-text__text\">Le paiement s\u2019effectuera par virement bancaire ou par tout autre moyen convenu au moment de la commande.<\/span><\/span><\/p><p class=\"font_8 wixui-rich-text__text\"><span class=\"color_41 wixui-rich-text__text\"><span class=\"wixui-rich-text__text\">5. Droit de R\u00e9tractation<\/span><\/span><\/p><p class=\"font_8 wixui-rich-text__text\"><span class=\"color_41 wixui-rich-text__text\"><span class=\"wixui-rich-text__text\">Conform\u00e9ment \u00e0 la l\u00e9gislation en vigueur, le client dispose d\u2019un d\u00e9lai de 14 jours calendaires \u00e0 compter de la confirmation de la commande pour exercer son droit de r\u00e9tractation, \u00e0 condition que la prestation n\u2019ait pas d\u00e9j\u00e0 d\u00e9but\u00e9.<\/span><\/span><\/p><p class=\"font_8 wixui-rich-text__text\"><span class=\"color_41 wixui-rich-text__text\"><span class=\"wixui-rich-text__text\">Pour exercer ce droit, le client devra m\u2019en informer par e-mail.<\/span><\/span><\/p><p class=\"font_8 wixui-rich-text__text\"><span class=\"color_41 wixui-rich-text__text\"><span class=\"wixui-rich-text__text\">6. Modification des Conditions<\/span><\/span><\/p><p class=\"font_8 wixui-rich-text__text\"><span class=\"color_41 wixui-rich-text__text\"><span class=\"wixui-rich-text__text\">Je me r\u00e9serve le droit de modifier les pr\u00e9sentes conditions g\u00e9n\u00e9rales de vente. Toute modification sera communiqu\u00e9e aux clients via le site web.<\/span><\/span><\/p><p class=\"font_8 wixui-rich-text__text\"><span class=\"color_41 wixui-rich-text__text\"><span class=\"wixui-rich-text__text\">7. Protection des Donn\u00e9es<\/span><\/span><\/p><p class=\"font_8 wixui-rich-text__text\"><span class=\"color_41 wixui-rich-text__text\"><span class=\"wixui-rich-text__text\">Les informations personnelles des clients seront trait\u00e9es conform\u00e9ment \u00e0 la Politique de Confidentialit\u00e9 publi\u00e9e sur le site web.<\/span><\/span><\/p><p class=\"font_8 wixui-rich-text__text\"><span class=\"color_41 wixui-rich-text__text\"><span class=\"wixui-rich-text__text\">8. Loi Applicable et Juridiction<\/span><\/span><\/p><p class=\"font_8 wixui-rich-text__text\"><span class=\"color_41 wixui-rich-text__text\"><span class=\"wixui-rich-text__text\">Les pr\u00e9sentes conditions sont r\u00e9gies par la l\u00e9gislation espagnole. En cas de litige, les parties acceptent la comp\u00e9tence des tribunaux du domicile du consommateur.<\/span><\/span><\/p><p class=\"font_8 wixui-rich-text__text\"><span class=\"color_41 wixui-rich-text__text\"><span class=\"wixui-rich-text__text\">9. Limitation de Responsabilit\u00e9<\/span><\/span><\/p><p class=\"font_8 wixui-rich-text__text\"><span class=\"color_41 wixui-rich-text__text\"><span class=\"wixui-rich-text__text\">Les services propos\u00e9s par H\u00e9l\u00e8ne Lopez sont de nature compl\u00e9mentaire et ne remplacent en aucun cas les soins m\u00e9dicaux conventionnels. Je ne suis pas m\u00e9decin et ne suis pas habilit\u00e9e \u00e0 \u00e9tablir des diagnostics ou \u00e0 proposer des traitements m\u00e9dicaux.<\/span><\/span><\/p><p class=\"font_8 wixui-rich-text__text\"><span class=\"color_41 wixui-rich-text__text\"><span class=\"wixui-rich-text__text\">Les conseils et recommandations fournis sont \u00e0 titre informatif et visent \u00e0 compl\u00e9ter les traitements m\u00e9dicaux conventionnels. Les clients doivent toujours suivre les instructions et les traitements prescrits par leur m\u00e9decin et le consulter avant tout changement dans leur r\u00e9gime de sant\u00e9.<\/span><\/span><\/p><p class=\"font_8 wixui-rich-text__text\"><span class=\"color_41 wixui-rich-text__text\"><span class=\"wixui-rich-text__text\">En cons\u00e9quence, je ne peux \u00eatre tenue responsable de l\u2019insatisfaction des clients concernant les r\u00e9sultats obtenus ni des \u00e9ventuelles cons\u00e9quences d\u00e9coulant de l\u2019utilisation de mes services. Il est recommand\u00e9 de consulter un professionnel de la sant\u00e9 pour tout probl\u00e8me m\u00e9dical.<\/span><\/span><\/p><\/div>\t\t\t\t\t\t\t\t<\/div>\n\t\t\t\t\t<\/div>\n\t\t\t\t<\/div>\n\t\t\t\t<\/div>\n\t\t\n    <div class=\"xs_social_share_widget xs_share_url after_content \t\tmain_content  wslu-style-1 wslu-share-box-shaped wslu-fill-colored wslu-none wslu-share-horizontal wslu-theme-font-no wslu-main_content\">\n\n\t\t\n        <ul>\n\t\t\t        <\/ul>\n    <\/div> \n","protected":false},"excerpt":{"rendered":"<p>Mentions l\u00e9gales \u00c9diteur :Nom : H\u00e9l\u00e8ne LopezNum\u00e9ro d\u2019identification : X7920585YAdresse : Carrer Sant Miquel, 36T\u00e9l\u00e9phone : 650 247 242E-mail : [&hellip;]<\/p>\n","protected":false},"author":1,"featured_media":0,"parent":0,"menu_order":0,"comment_status":"closed","ping_status":"closed","template":"elementor_header_footer","meta":{"_acf_changed":false,"postBodyCss":"","postBodyMargin":[],"postBodyPadding":[],"postBodyBackground":{"backgroundType":"classic","gradient":""},"site-sidebar-layout":"no-sidebar","site-content-layout":"","ast-site-content-layout":"full-width-container","site-content-style":"default","site-sidebar-style":"default","ast-global-header-display":"","ast-banner-title-visibility":"","ast-main-header-display":"","ast-hfb-above-header-display":"","ast-hfb-below-header-display":"","ast-hfb-mobile-header-display":"","site-post-title":"disabled","ast-breadcrumbs-content":"","ast-featured-img":"disabled","footer-sml-layout":"","ast-disable-related-posts":"","theme-transparent-header-meta":"default","adv-header-id-meta":"","stick-header-meta":"","header-above-stick-meta":"","header-main-stick-meta":"","header-below-stick-meta":"","astra-migrate-meta-layouts":"set","ast-page-background-enabled":"default","ast-page-background-meta":{"desktop":{"background-color":"var(--ast-global-color-5)","background-image":"","background-repeat":"repeat","background-position":"center center","background-size":"auto","background-attachment":"scroll","background-type":"","background-media":"","overlay-type":"","overlay-color":"","overlay-opacity":"","overlay-gradient":""},"tablet":{"background-color":"","background-image":"","background-repeat":"repeat","background-position":"center center","background-size":"auto","background-attachment":"scroll","background-type":"","background-media":"","overlay-type":"","overlay-color":"","overlay-opacity":"","overlay-gradient":""},"mobile":{"background-color":"","background-image":"","background-repeat":"repeat","background-position":"center center","background-size":"auto","background-attachment":"scroll","background-type":"","background-media":"","overlay-type":"","overlay-color":"","overlay-opacity":"","overlay-gradient":""}},"ast-content-background-meta":{"desktop":{"background-color":"var(--ast-global-color-4)","background-image":"","background-repeat":"repeat","background-position":"center center","background-size":"auto","background-attachment":"scroll","background-type":"","background-media":"","overlay-type":"","overlay-color":"","overlay-opacity":"","overlay-gradient":""},"tablet":{"background-color":"var(--ast-global-color-4)","background-image":"","background-repeat":"repeat","background-position":"center center","background-size":"auto","background-attachment":"scroll","background-type":"","background-media":"","overlay-type":"","overlay-color":"","overlay-opacity":"","overlay-gradient":""},"mobile":{"background-color":"var(--ast-global-color-4)","background-image":"","background-repeat":"repeat","background-position":"center center","background-size":"auto","background-attachment":"scroll","background-type":"","background-media":"","overlay-type":"","overlay-color":"","overlay-opacity":"","overlay-gradient":""}},"_joinchat":[],"footnotes":""},"class_list":["post-5274","page","type-page","status-publish","hentry"],"acf":[],"aioseo_notices":[],"_links":{"self":[{"href":"https:\/\/helenelopez.com\/fr\/wp-json\/wp\/v2\/pages\/5274","targetHints":{"allow":["GET"]}}],"collection":[{"href":"https:\/\/helenelopez.com\/fr\/wp-json\/wp\/v2\/pages"}],"about":[{"href":"https:\/\/helenelopez.com\/fr\/wp-json\/wp\/v2\/types\/page"}],"author":[{"embeddable":true,"href":"https:\/\/helenelopez.com\/fr\/wp-json\/wp\/v2\/users\/1"}],"replies":[{"embeddable":true,"href":"https:\/\/helenelopez.com\/fr\/wp-json\/wp\/v2\/comments?post=5274"}],"version-history":[{"count":4,"href":"https:\/\/helenelopez.com\/fr\/wp-json\/wp\/v2\/pages\/5274\/revisions"}],"predecessor-version":[{"id":5290,"href":"https:\/\/helenelopez.com\/fr\/wp-json\/wp\/v2\/pages\/5274\/revisions\/5290"}],"wp:attachment":[{"href":"https:\/\/helenelopez.com\/fr\/wp-json\/wp\/v2\/media?parent=5274"}],"curies":[{"name":"wp","href":"https:\/\/api.w.org\/{rel}","templated":true}]}}