{"id":3311,"date":"2025-10-28T21:08:18","date_gmt":"2025-10-28T21:08:18","guid":{"rendered":"https:\/\/helenelopez.com\/alquiler-de-sistema\/"},"modified":"2026-03-11T04:16:46","modified_gmt":"2026-03-11T04:16:46","slug":"location-du-systeme","status":"publish","type":"page","link":"https:\/\/helenelopez.com\/fr\/location-du-systeme\/","title":{"rendered":"Location du syst\u00e8me"},"content":{"rendered":"\t\t<div data-elementor-type=\"wp-page\" data-elementor-id=\"3311\" class=\"elementor elementor-3311 elementor-1463\" data-elementor-post-type=\"page\">\n\t\t\t\t\t\t<section class=\"elementor-section elementor-top-section elementor-element elementor-element-35c63b0 elementor-section-full_width elementor-section-height-default elementor-section-height-default\" data-id=\"35c63b0\" data-element_type=\"section\" data-settings=\"{&quot;background_background&quot;:&quot;classic&quot;}\">\n\t\t\t\t\t\t\t<div class=\"elementor-background-overlay\"><\/div>\n\t\t\t\t\t\t\t<div class=\"elementor-container elementor-column-gap-default\">\n\t\t\t\t\t<div class=\"elementor-column elementor-col-100 elementor-top-column elementor-element elementor-element-64082d8\" data-id=\"64082d8\" data-element_type=\"column\">\n\t\t\t<div class=\"elementor-widget-wrap elementor-element-populated\">\n\t\t\t\t\t\t\t<\/div>\n\t\t<\/div>\n\t\t\t\t\t<\/div>\n\t\t<\/section>\n\t\t<div class=\"elementor-element elementor-element-17cc43d e-flex e-con-boxed e-con e-parent\" data-id=\"17cc43d\" data-element_type=\"container\">\n\t\t\t\t\t<div class=\"e-con-inner\">\n\t\t\t\t<div class=\"elementor-element elementor-element-8ffc0ac elementor-widget elementor-widget-heading\" data-id=\"8ffc0ac\" data-element_type=\"widget\" data-settings=\"{&quot;_animation&quot;:&quot;none&quot;,&quot;_animation_delay&quot;:500}\" data-widget_type=\"heading.default\">\n\t\t\t\t\t<h2 class=\"elementor-heading-title elementor-size-default\">Il existe deux fa\u00e7ons de profiter de l\u2019entra\u00eenement NeurOptimal\u00ae:<\/h2>\t\t\t\t<\/div>\n\t\t\t\t<div class=\"elementor-element elementor-element-29975d6 elementor-widget elementor-widget-text-editor\" data-id=\"29975d6\" data-element_type=\"widget\" data-settings=\"{&quot;_animation&quot;:&quot;none&quot;,&quot;_animation_delay&quot;:600}\" data-widget_type=\"text-editor.default\">\n\t\t\t\t\t\t\t\t\t<ul><li><strong>Se rendre \u00e0 mon cabinet<\/strong> pour suivre les s\u00e9ances.<\/li><li><strong>Louer un syst\u00e8me et l\u2019utiliser \u00e0 domicile<\/strong>, afin d\u2019int\u00e9grer le Neurofeedback dans votre quotidien de mani\u00e8re simple et flexible.<\/li><\/ul><p style=\"text-align: center;\">D\u00e9couvrez ci-dessous les avantages de la location.<\/p>\t\t\t\t\t\t\t\t<\/div>\n\t\t\t\t\t<\/div>\n\t\t\t\t<\/div>\n\t\t\t\t<section class=\"elementor-section elementor-top-section elementor-element elementor-element-427de9b elementor-reverse-mobile elementor-section-boxed elementor-section-height-default elementor-section-height-default\" data-id=\"427de9b\" data-element_type=\"section\" data-settings=\"{&quot;background_background&quot;:&quot;classic&quot;}\">\n\t\t\t\t\t\t<div class=\"elementor-container elementor-column-gap-default\">\n\t\t\t\t\t<div class=\"elementor-column elementor-col-50 elementor-top-column elementor-element elementor-element-0f576b2\" data-id=\"0f576b2\" data-element_type=\"column\">\n\t\t\t<div class=\"elementor-widget-wrap elementor-element-populated\">\n\t\t\t\t\t\t<section class=\"elementor-section elementor-inner-section elementor-element elementor-element-3845dee elementor-section-boxed elementor-section-height-default elementor-section-height-default\" data-id=\"3845dee\" data-element_type=\"section\" data-settings=\"{&quot;sticky&quot;:&quot;top&quot;,&quot;sticky_on&quot;:[&quot;desktop&quot;],&quot;sticky_parent&quot;:&quot;yes&quot;,&quot;sticky_offset&quot;:0,&quot;sticky_effects_offset&quot;:0,&quot;sticky_anchor_link_offset&quot;:0}\">\n\t\t\t\t\t\t<div class=\"elementor-container elementor-column-gap-default\">\n\t\t\t\t\t<div class=\"elementor-column elementor-col-100 elementor-inner-column elementor-element elementor-element-d8534bd\" data-id=\"d8534bd\" data-element_type=\"column\">\n\t\t\t<div class=\"elementor-widget-wrap elementor-element-populated\">\n\t\t\t\t\t\t<div class=\"elementor-element elementor-element-469d914 elementor-widget elementor-widget-image\" data-id=\"469d914\" data-element_type=\"widget\" data-widget_type=\"image.default\">\n\t\t\t\t\t\t\t\t\t\t\t\t\t\t\t<img fetchpriority=\"high\" decoding=\"async\" width=\"768\" height=\"1076\" src=\"https:\/\/helenelopez.com\/wp-content\/uploads\/2025\/11\/Gemini_Generated_Image_v339oxv339oxv339-768x1152-1.png\" class=\"attachment-full size-full wp-image-3327\" alt=\"\" srcset=\"https:\/\/helenelopez.com\/wp-content\/uploads\/2025\/11\/Gemini_Generated_Image_v339oxv339oxv339-768x1152-1.png 768w, https:\/\/helenelopez.com\/wp-content\/uploads\/2025\/11\/Gemini_Generated_Image_v339oxv339oxv339-768x1152-1-214x300.png 214w, https:\/\/helenelopez.com\/wp-content\/uploads\/2025\/11\/Gemini_Generated_Image_v339oxv339oxv339-768x1152-1-731x1024.png 731w, https:\/\/helenelopez.com\/wp-content\/uploads\/2025\/11\/Gemini_Generated_Image_v339oxv339oxv339-768x1152-1-9x12.png 9w, https:\/\/helenelopez.com\/wp-content\/uploads\/2025\/11\/Gemini_Generated_Image_v339oxv339oxv339-768x1152-1-600x841.png 600w\" sizes=\"(max-width: 768px) 100vw, 768px\" \/>\t\t\t\t\t\t\t\t\t\t\t\t\t\t\t<\/div>\n\t\t\t\t\t<\/div>\n\t\t<\/div>\n\t\t\t\t\t<\/div>\n\t\t<\/section>\n\t\t\t\t\t<\/div>\n\t\t<\/div>\n\t\t\t\t<div class=\"elementor-column elementor-col-50 elementor-top-column elementor-element elementor-element-3fbb0f4\" data-id=\"3fbb0f4\" data-element_type=\"column\">\n\t\t\t<div class=\"elementor-widget-wrap elementor-element-populated\">\n\t\t\t\t\t\t<div class=\"elementor-element elementor-element-dd3cc94 elementor-widget elementor-widget-heading\" data-id=\"dd3cc94\" data-element_type=\"widget\" data-settings=\"{&quot;_animation&quot;:&quot;none&quot;,&quot;_animation_delay&quot;:500}\" data-widget_type=\"heading.default\">\n\t\t\t\t\t<h2 class=\"elementor-heading-title elementor-size-default\">Pourquoi louer un syst\u00e8me NeurOptimal\u00ae?<\/h2>\t\t\t\t<\/div>\n\t\t\t\t<div class=\"elementor-element elementor-element-be3e00b elementor-widget elementor-widget-text-editor\" data-id=\"be3e00b\" data-element_type=\"widget\" data-settings=\"{&quot;_animation&quot;:&quot;none&quot;,&quot;_animation_delay&quot;:600}\" data-widget_type=\"text-editor.default\">\n\t\t\t\t\t\t\t\t\t<p>Louer un syst\u00e8me NeurOptimal\u00ae pr\u00e9sente de <strong>nombreux avantages<\/strong> :<\/p><ul><li><strong>Praticit\u00e9 :<\/strong><br \/>Faites vos s\u00e9ances d\u2019entra\u00eenement c\u00e9r\u00e9bral depuis <strong>le confort et l\u2019intimit\u00e9 de votre domicile<\/strong>. Adaptez l\u2019entra\u00eenement \u00e0 <strong>votre rythme<\/strong>, int\u00e9grez-le facilement dans votre routine et restez r\u00e9gulier <strong>sans contraintes d\u2019horaires ou de d\u00e9placements<\/strong>.<\/li><\/ul><p>\u00a0<\/p><ul><li><strong>\u00c9conomie :<\/strong><br \/>M\u00eame si le paiement anticip\u00e9 pour deux mois de location peut sembler \u00e9lev\u00e9, il correspond \u00e0 peu pr\u00e8s au prix de 20 s\u00e9ances en cabinet. Cependant, en louant le syst\u00e8me, vous pouvez l\u2019utiliser de mani\u00e8re <strong>illimit\u00e9e<\/strong> pendant toute la p\u00e9riode, ce qui <strong>r\u00e9duit consid\u00e9rablement le co\u00fbt par s\u00e9ance<\/strong> et <strong>favorise les changements, puisque vous pouvez effectuer autant de s\u00e9ances que vous le souhaitez, m\u00eame quotidiennement.<\/strong><\/li><\/ul><p>En d\u2019autres termes\u202f: pour le prix de 20 s\u00e9ances, vous pouvez en faire 40 ou plus si vous le souhaitez\u202f!<\/p><ul><li><strong>Usage familial :<\/strong><br \/><strong>Le syst\u00e8me peut \u00eatre utilis\u00e9 par toutes les personnes du foyer<\/strong>. Chaque membre de la famille peut suivre des s\u00e9ances de Neurofeedback Dynamique en fonction de ses besoins et de son emploi du temps.<\/li><\/ul><p><strong>Un d\u00e9p\u00f4t de garantie de 3 500 \u20ac est demand\u00e9 pour la location<\/strong>, destin\u00e9 \u00e0 couvrir d\u2019\u00e9ventuels dommages ou le vol de l\u2019\u00e9quipement. (Jusqu\u2019\u00e0 pr\u00e9sent, il n\u2019a jamais \u00e9t\u00e9 n\u00e9cessaire de l\u2019encaisser\u202f!)<\/p>\t\t\t\t\t\t\t\t<\/div>\n\t\t\t\t\t<\/div>\n\t\t<\/div>\n\t\t\t\t\t<\/div>\n\t\t<\/section>\n\t\t\t\t<section class=\"elementor-section elementor-top-section elementor-element elementor-element-4a27237 elementor-section-boxed elementor-section-height-default elementor-section-height-default\" data-id=\"4a27237\" data-element_type=\"section\" data-settings=\"{&quot;background_background&quot;:&quot;classic&quot;}\">\n\t\t\t\t\t\t\t<div class=\"elementor-background-overlay\"><\/div>\n\t\t\t\t\t\t\t<div class=\"elementor-container elementor-column-gap-default\">\n\t\t\t\t\t<div class=\"elementor-column elementor-col-50 elementor-top-column elementor-element elementor-element-7496585\" data-id=\"7496585\" data-element_type=\"column\">\n\t\t\t<div class=\"elementor-widget-wrap elementor-element-populated\">\n\t\t\t\t\t\t<div class=\"elementor-element elementor-element-5d5820c elementor-widget elementor-widget-heading\" data-id=\"5d5820c\" data-element_type=\"widget\" data-settings=\"{&quot;_animation&quot;:&quot;none&quot;,&quot;_animation_delay&quot;:500}\" data-widget_type=\"heading.default\">\n\t\t\t\t\t<h2 class=\"elementor-heading-title elementor-size-default\">Pendant combien de temps peut-on louer le syst\u00e8me NeurOptimal\u00ae\u202f?<\/h2>\t\t\t\t<\/div>\n\t\t\t\t<div class=\"elementor-element elementor-element-796814a elementor-widget elementor-widget-text-editor\" data-id=\"796814a\" data-element_type=\"widget\" data-settings=\"{&quot;_animation&quot;:&quot;none&quot;,&quot;_animation_delay&quot;:600}\" data-widget_type=\"text-editor.default\">\n\t\t\t\t\t\t\t\t\t<ul><li><strong>Nouveaux utilisateurs <\/strong>de Neurofeedback\u202f: <strong>la dur\u00e9e minimale de location est de 2 mois<\/strong>, ce qui permet de r\u00e9aliser un certain nombre de s\u00e9ances d\u2019entra\u00eenement c\u00e9r\u00e9bral et de donner au cerveau le temps de s\u2019autor\u00e9guler, favorisant ainsi l\u2019apparition de changements significatifs.<\/li><\/ul><ul><li>Utilisateurs ayant d\u00e9j\u00e0 effectu\u00e9 des s\u00e9ances de Neurofeedback\u202f: <strong>si vous avez d\u00e9j\u00e0 suivi des s\u00e9ances <\/strong>et souhaitez simplement entretenir les acquis, <strong>il n\u2019y a pas de dur\u00e9e minimale de location<\/strong>. La p\u00e9riode peut \u00eatre adapt\u00e9e \u00e0 vos besoins.<\/li><\/ul><p>Contactez-moi pour v\u00e9rifier la disponibilit\u00e9 et coordonner la r\u00e9servation du syst\u00e8me NeurOptimal\u00ae.<\/p>\t\t\t\t\t\t\t\t<\/div>\n\t\t\t\t\t<\/div>\n\t\t<\/div>\n\t\t\t\t<div class=\"elementor-column elementor-col-50 elementor-top-column elementor-element elementor-element-75ff80a\" data-id=\"75ff80a\" data-element_type=\"column\">\n\t\t\t<div class=\"elementor-widget-wrap elementor-element-populated\">\n\t\t\t\t\t\t<section class=\"elementor-section elementor-inner-section elementor-element elementor-element-a06f295 elementor-section-boxed elementor-section-height-default elementor-section-height-default\" data-id=\"a06f295\" data-element_type=\"section\" data-settings=\"{&quot;sticky&quot;:&quot;top&quot;,&quot;sticky_on&quot;:[&quot;desktop&quot;],&quot;sticky_parent&quot;:&quot;yes&quot;,&quot;sticky_offset&quot;:0,&quot;sticky_effects_offset&quot;:0,&quot;sticky_anchor_link_offset&quot;:0}\">\n\t\t\t\t\t\t<div class=\"elementor-container elementor-column-gap-default\">\n\t\t\t\t\t<div class=\"elementor-column elementor-col-100 elementor-inner-column elementor-element elementor-element-68e47d7\" data-id=\"68e47d7\" data-element_type=\"column\">\n\t\t\t<div class=\"elementor-widget-wrap elementor-element-populated\">\n\t\t\t\t\t\t<div class=\"elementor-element elementor-element-00e8e59 elementor-widget elementor-widget-image\" data-id=\"00e8e59\" data-element_type=\"widget\" data-widget_type=\"image.default\">\n\t\t\t\t\t\t\t\t\t\t\t\t\t\t\t<img decoding=\"async\" width=\"1248\" height=\"832\" src=\"https:\/\/helenelopez.com\/wp-content\/uploads\/2025\/11\/Gemini_Generated_Image_xxqfanxxqfanxxqf-1.png\" class=\"attachment-full size-full wp-image-3328\" alt=\"\" srcset=\"https:\/\/helenelopez.com\/wp-content\/uploads\/2025\/11\/Gemini_Generated_Image_xxqfanxxqfanxxqf-1.png 1248w, https:\/\/helenelopez.com\/wp-content\/uploads\/2025\/11\/Gemini_Generated_Image_xxqfanxxqfanxxqf-1-300x200.png 300w, https:\/\/helenelopez.com\/wp-content\/uploads\/2025\/11\/Gemini_Generated_Image_xxqfanxxqfanxxqf-1-1024x683.png 1024w, https:\/\/helenelopez.com\/wp-content\/uploads\/2025\/11\/Gemini_Generated_Image_xxqfanxxqfanxxqf-1-768x512.png 768w, https:\/\/helenelopez.com\/wp-content\/uploads\/2025\/11\/Gemini_Generated_Image_xxqfanxxqfanxxqf-1-18x12.png 18w, https:\/\/helenelopez.com\/wp-content\/uploads\/2025\/11\/Gemini_Generated_Image_xxqfanxxqfanxxqf-1-600x400.png 600w\" sizes=\"(max-width: 1248px) 100vw, 1248px\" \/>\t\t\t\t\t\t\t\t\t\t\t\t\t\t\t<\/div>\n\t\t\t\t\t<\/div>\n\t\t<\/div>\n\t\t\t\t\t<\/div>\n\t\t<\/section>\n\t\t\t\t\t<\/div>\n\t\t<\/div>\n\t\t\t\t\t<\/div>\n\t\t<\/section>\n\t\t\t\t<section class=\"elementor-section elementor-top-section elementor-element elementor-element-ba669d8 elementor-reverse-mobile elementor-section-boxed elementor-section-height-default elementor-section-height-default\" data-id=\"ba669d8\" data-element_type=\"section\">\n\t\t\t\t\t\t<div class=\"elementor-container elementor-column-gap-default\">\n\t\t\t\t\t<div class=\"elementor-column elementor-col-50 elementor-top-column elementor-element elementor-element-edfdf0e\" data-id=\"edfdf0e\" data-element_type=\"column\">\n\t\t\t<div class=\"elementor-widget-wrap elementor-element-populated\">\n\t\t\t\t\t\t<section class=\"elementor-section elementor-inner-section elementor-element elementor-element-57df860 elementor-section-boxed elementor-section-height-default elementor-section-height-default\" data-id=\"57df860\" data-element_type=\"section\" data-settings=\"{&quot;sticky&quot;:&quot;top&quot;,&quot;sticky_on&quot;:[&quot;desktop&quot;],&quot;sticky_parent&quot;:&quot;yes&quot;,&quot;sticky_offset&quot;:0,&quot;sticky_effects_offset&quot;:0,&quot;sticky_anchor_link_offset&quot;:0}\">\n\t\t\t\t\t\t<div class=\"elementor-container elementor-column-gap-default\">\n\t\t\t\t\t<div class=\"elementor-column elementor-col-100 elementor-inner-column elementor-element elementor-element-c00020f\" data-id=\"c00020f\" data-element_type=\"column\">\n\t\t\t<div class=\"elementor-widget-wrap elementor-element-populated\">\n\t\t\t\t\t\t<div class=\"elementor-element elementor-element-a9c7687 elementor-widget elementor-widget-image\" data-id=\"a9c7687\" data-element_type=\"widget\" data-widget_type=\"image.default\">\n\t\t\t\t\t\t\t\t\t\t\t\t\t\t\t<img decoding=\"async\" width=\"1248\" height=\"745\" src=\"https:\/\/helenelopez.com\/wp-content\/uploads\/2025\/11\/Gemini_Generated_Image_xt9tnwxt9tnwxt9t-1-1.png\" class=\"attachment-full size-full wp-image-3329\" alt=\"\" srcset=\"https:\/\/helenelopez.com\/wp-content\/uploads\/2025\/11\/Gemini_Generated_Image_xt9tnwxt9tnwxt9t-1-1.png 1248w, https:\/\/helenelopez.com\/wp-content\/uploads\/2025\/11\/Gemini_Generated_Image_xt9tnwxt9tnwxt9t-1-1-300x179.png 300w, https:\/\/helenelopez.com\/wp-content\/uploads\/2025\/11\/Gemini_Generated_Image_xt9tnwxt9tnwxt9t-1-1-1024x611.png 1024w, https:\/\/helenelopez.com\/wp-content\/uploads\/2025\/11\/Gemini_Generated_Image_xt9tnwxt9tnwxt9t-1-1-768x458.png 768w, https:\/\/helenelopez.com\/wp-content\/uploads\/2025\/11\/Gemini_Generated_Image_xt9tnwxt9tnwxt9t-1-1-18x12.png 18w, https:\/\/helenelopez.com\/wp-content\/uploads\/2025\/11\/Gemini_Generated_Image_xt9tnwxt9tnwxt9t-1-1-600x358.png 600w\" sizes=\"(max-width: 1248px) 100vw, 1248px\" \/>\t\t\t\t\t\t\t\t\t\t\t\t\t\t\t<\/div>\n\t\t\t\t\t<\/div>\n\t\t<\/div>\n\t\t\t\t\t<\/div>\n\t\t<\/section>\n\t\t\t\t\t<\/div>\n\t\t<\/div>\n\t\t\t\t<div class=\"elementor-column elementor-col-50 elementor-top-column elementor-element elementor-element-d865cf6\" data-id=\"d865cf6\" data-element_type=\"column\">\n\t\t\t<div class=\"elementor-widget-wrap elementor-element-populated\">\n\t\t\t\t\t\t<div class=\"elementor-element elementor-element-45212e6 elementor-widget elementor-widget-heading\" data-id=\"45212e6\" data-element_type=\"widget\" data-settings=\"{&quot;_animation&quot;:&quot;none&quot;,&quot;_animation_delay&quot;:500}\" data-widget_type=\"heading.default\">\n\t\t\t\t\t<h2 class=\"elementor-heading-title elementor-size-default\">Faites vous des livraisons, ou faut il r\u00e9cup\u00e9rer le syst\u00e8me NeurOptimal\u00ae en personne\u202f?<\/h2>\t\t\t\t<\/div>\n\t\t\t\t<div class=\"elementor-element elementor-element-d525669 elementor-widget elementor-widget-text-editor\" data-id=\"d525669\" data-element_type=\"widget\" data-settings=\"{&quot;_animation&quot;:&quot;none&quot;,&quot;_animation_delay&quot;:600}\" data-widget_type=\"text-editor.default\">\n\t\t\t\t\t\t\t\t\t<p>Nous pouvons <strong>envoyer<\/strong> le syst\u00e8me <strong>partout en Europe<\/strong>. Les <strong>frais d\u2019envoi<\/strong> aller\u2011retour via DHL ou UPS sont \u00e0 la charge du locataire et sont g\u00e9n\u00e9ralement de l\u2019ordre de <strong>120 \u20ac<\/strong>. Contactez\u2011nous pour obtenir une estimation plus pr\u00e9cise selon votre localisation.<\/p>\t\t\t\t\t\t\t\t<\/div>\n\t\t\t\t\t<\/div>\n\t\t<\/div>\n\t\t\t\t\t<\/div>\n\t\t<\/section>\n\t\t\t\t<section class=\"elementor-section elementor-top-section elementor-element elementor-element-4ec7afd elementor-reverse-mobile elementor-section-boxed elementor-section-height-default elementor-section-height-default\" data-id=\"4ec7afd\" data-element_type=\"section\" data-settings=\"{&quot;background_background&quot;:&quot;classic&quot;}\">\n\t\t\t\t\t\t<div class=\"elementor-container elementor-column-gap-default\">\n\t\t\t\t\t<div class=\"elementor-column elementor-col-50 elementor-top-column elementor-element elementor-element-d03cd4a\" data-id=\"d03cd4a\" data-element_type=\"column\">\n\t\t\t<div class=\"elementor-widget-wrap elementor-element-populated\">\n\t\t\t\t\t\t<div class=\"elementor-element elementor-element-97d7721 elementor-widget elementor-widget-heading\" data-id=\"97d7721\" data-element_type=\"widget\" data-settings=\"{&quot;_animation&quot;:&quot;none&quot;,&quot;_animation_delay&quot;:500}\" data-widget_type=\"heading.default\">\n\t\t\t\t\t<h2 class=\"elementor-heading-title elementor-size-default\">Ai-je besoin d\u2019exp\u00e9rience pr\u00e9alable pour utiliser le syst\u00e8me NeurOptimal\u00ae\u202f?<\/h2>\t\t\t\t<\/div>\n\t\t\t\t<div class=\"elementor-element elementor-element-982c41b elementor-widget elementor-widget-text-editor\" data-id=\"982c41b\" data-element_type=\"widget\" data-settings=\"{&quot;_animation&quot;:&quot;none&quot;,&quot;_animation_delay&quot;:600}\" data-widget_type=\"text-editor.default\">\n\t\t\t\t\t\t\t\t\t<p>Non, il est tr\u00e8s <strong>facile et rapide d<\/strong><strong>\u2019apprendre \u00e0 r\u00e9aliser les s\u00e9ances<\/strong>. Des instructions claires sont fournies et un support technique est disponible si n\u00e9cessaire. Le syst\u00e8me est <strong>con\u00e7u pour que n\u2019importe qui puisse l\u2019utiliser facilement.<\/strong><\/p>\t\t\t\t\t\t\t\t<\/div>\n\t\t\t\t\t<\/div>\n\t\t<\/div>\n\t\t\t\t<div class=\"elementor-column elementor-col-50 elementor-top-column elementor-element elementor-element-9ca3232\" data-id=\"9ca3232\" data-element_type=\"column\">\n\t\t\t<div class=\"elementor-widget-wrap elementor-element-populated\">\n\t\t\t\t\t\t<section class=\"elementor-section elementor-inner-section elementor-element elementor-element-b9d2a97 elementor-section-boxed elementor-section-height-default elementor-section-height-default\" data-id=\"b9d2a97\" data-element_type=\"section\" data-settings=\"{&quot;sticky&quot;:&quot;top&quot;,&quot;sticky_on&quot;:[&quot;desktop&quot;],&quot;sticky_parent&quot;:&quot;yes&quot;,&quot;sticky_offset&quot;:0,&quot;sticky_effects_offset&quot;:0,&quot;sticky_anchor_link_offset&quot;:0}\">\n\t\t\t\t\t\t<div class=\"elementor-container elementor-column-gap-default\">\n\t\t\t\t\t<div class=\"elementor-column elementor-col-100 elementor-inner-column elementor-element elementor-element-e818a19\" data-id=\"e818a19\" data-element_type=\"column\">\n\t\t\t<div class=\"elementor-widget-wrap elementor-element-populated\">\n\t\t\t\t\t\t<div class=\"elementor-element elementor-element-d19ccb0 elementor-widget elementor-widget-image\" data-id=\"d19ccb0\" data-element_type=\"widget\" data-widget_type=\"image.default\">\n\t\t\t\t\t\t\t\t\t\t\t\t\t\t\t<img loading=\"lazy\" decoding=\"async\" width=\"957\" height=\"683\" src=\"https:\/\/helenelopez.com\/wp-content\/uploads\/2025\/11\/neurop-1-1.jpg\" class=\"attachment-full size-full wp-image-3330\" alt=\"\" srcset=\"https:\/\/helenelopez.com\/wp-content\/uploads\/2025\/11\/neurop-1-1.jpg 957w, https:\/\/helenelopez.com\/wp-content\/uploads\/2025\/11\/neurop-1-1-300x214.jpg 300w, https:\/\/helenelopez.com\/wp-content\/uploads\/2025\/11\/neurop-1-1-768x548.jpg 768w, https:\/\/helenelopez.com\/wp-content\/uploads\/2025\/11\/neurop-1-1-18x12.jpg 18w, https:\/\/helenelopez.com\/wp-content\/uploads\/2025\/11\/neurop-1-1-600x428.jpg 600w\" sizes=\"(max-width: 957px) 100vw, 957px\" \/>\t\t\t\t\t\t\t\t\t\t\t\t\t\t\t<\/div>\n\t\t\t\t\t<\/div>\n\t\t<\/div>\n\t\t\t\t\t<\/div>\n\t\t<\/section>\n\t\t\t\t\t<\/div>\n\t\t<\/div>\n\t\t\t\t\t<\/div>\n\t\t<\/section>\n\t\t\t\t<\/div>\n\t\t\n    <div class=\"xs_social_share_widget xs_share_url after_content \t\tmain_content  wslu-style-1 wslu-share-box-shaped wslu-fill-colored wslu-none wslu-share-horizontal wslu-theme-font-no wslu-main_content\">\n\n\t\t\n        <ul>\n\t\t\t        <\/ul>\n    <\/div> \n","protected":false},"excerpt":{"rendered":"<p>Il existe deux fa\u00e7ons de profiter de l\u2019entra\u00eenement NeurOptimal\u00ae: Se rendre \u00e0 mon cabinet pour suivre les s\u00e9ances. Louer un [&hellip;]<\/p>\n","protected":false},"author":1,"featured_media":0,"parent":0,"menu_order":0,"comment_status":"closed","ping_status":"closed","template":"elementor_header_footer","meta":{"_acf_changed":false,"postBodyCss":"","postBodyMargin":[],"postBodyPadding":[],"postBodyBackground":{"backgroundType":"classic","gradient":""},"site-sidebar-layout":"no-sidebar","site-content-layout":"","ast-site-content-layout":"full-width-container","site-content-style":"default","site-sidebar-style":"default","ast-global-header-display":"","ast-banner-title-visibility":"","ast-main-header-display":"","ast-hfb-above-header-display":"","ast-hfb-below-header-display":"","ast-hfb-mobile-header-display":"","site-post-title":"","ast-breadcrumbs-content":"","ast-featured-img":"disabled","footer-sml-layout":"","ast-disable-related-posts":"","theme-transparent-header-meta":"default","adv-header-id-meta":"","stick-header-meta":"","header-above-stick-meta":"","header-main-stick-meta":"","header-below-stick-meta":"","astra-migrate-meta-layouts":"set","ast-page-background-enabled":"default","ast-page-background-meta":{"desktop":{"background-color":"var(--ast-global-color-5)","background-image":"","background-repeat":"repeat","background-position":"center center","background-size":"auto","background-attachment":"scroll","background-type":"","background-media":"","overlay-type":"","overlay-color":"","overlay-opacity":"","overlay-gradient":""},"tablet":{"background-color":"","background-image":"","background-repeat":"repeat","background-position":"center center","background-size":"auto","background-attachment":"scroll","background-type":"","background-media":"","overlay-type":"","overlay-color":"","overlay-opacity":"","overlay-gradient":""},"mobile":{"background-color":"","background-image":"","background-repeat":"repeat","background-position":"center center","background-size":"auto","background-attachment":"scroll","background-type":"","background-media":"","overlay-type":"","overlay-color":"","overlay-opacity":"","overlay-gradient":""}},"ast-content-background-meta":{"desktop":{"background-color":"var(--ast-global-color-4)","background-image":"","background-repeat":"repeat","background-position":"center center","background-size":"auto","background-attachment":"scroll","background-type":"","background-media":"","overlay-type":"","overlay-color":"","overlay-opacity":"","overlay-gradient":""},"tablet":{"background-color":"var(--ast-global-color-4)","background-image":"","background-repeat":"repeat","background-position":"center center","background-size":"auto","background-attachment":"scroll","background-type":"","background-media":"","overlay-type":"","overlay-color":"","overlay-opacity":"","overlay-gradient":""},"mobile":{"background-color":"var(--ast-global-color-4)","background-image":"","background-repeat":"repeat","background-position":"center center","background-size":"auto","background-attachment":"scroll","background-type":"","background-media":"","overlay-type":"","overlay-color":"","overlay-opacity":"","overlay-gradient":""}},"_joinchat":[],"footnotes":""},"class_list":["post-3311","page","type-page","status-publish","hentry"],"acf":[],"aioseo_notices":[],"_links":{"self":[{"href":"https:\/\/helenelopez.com\/fr\/wp-json\/wp\/v2\/pages\/3311","targetHints":{"allow":["GET"]}}],"collection":[{"href":"https:\/\/helenelopez.com\/fr\/wp-json\/wp\/v2\/pages"}],"about":[{"href":"https:\/\/helenelopez.com\/fr\/wp-json\/wp\/v2\/types\/page"}],"author":[{"embeddable":true,"href":"https:\/\/helenelopez.com\/fr\/wp-json\/wp\/v2\/users\/1"}],"replies":[{"embeddable":true,"href":"https:\/\/helenelopez.com\/fr\/wp-json\/wp\/v2\/comments?post=3311"}],"version-history":[{"count":38,"href":"https:\/\/helenelopez.com\/fr\/wp-json\/wp\/v2\/pages\/3311\/revisions"}],"predecessor-version":[{"id":5377,"href":"https:\/\/helenelopez.com\/fr\/wp-json\/wp\/v2\/pages\/3311\/revisions\/5377"}],"wp:attachment":[{"href":"https:\/\/helenelopez.com\/fr\/wp-json\/wp\/v2\/media?parent=3311"}],"curies":[{"name":"wp","href":"https:\/\/api.w.org\/{rel}","templated":true}]}}