{"id":3241,"date":"2025-10-03T20:11:33","date_gmt":"2025-10-03T20:11:33","guid":{"rendered":"https:\/\/helenelopez.com\/que-beneficios-se-pueden-obtener\/"},"modified":"2026-03-11T04:12:01","modified_gmt":"2026-03-11T04:12:01","slug":"quels-bienfaits-peut-on-en-attendre","status":"publish","type":"page","link":"https:\/\/helenelopez.com\/fr\/quels-bienfaits-peut-on-en-attendre\/","title":{"rendered":"Quels bienfaits peut-on en attendre?"},"content":{"rendered":"\t\t<div data-elementor-type=\"wp-page\" data-elementor-id=\"3241\" class=\"elementor elementor-3241 elementor-590\" data-elementor-post-type=\"page\">\n\t\t\t\t\t\t<section class=\"elementor-section elementor-top-section elementor-element elementor-element-f6fb8fb elementor-section-full_width elementor-section-height-default elementor-section-height-default\" data-id=\"f6fb8fb\" data-element_type=\"section\" data-settings=\"{&quot;background_background&quot;:&quot;classic&quot;}\">\n\t\t\t\t\t\t\t<div class=\"elementor-background-overlay\"><\/div>\n\t\t\t\t\t\t\t<div class=\"elementor-container elementor-column-gap-default\">\n\t\t\t\t\t<div class=\"elementor-column elementor-col-100 elementor-top-column elementor-element elementor-element-ecab93e\" data-id=\"ecab93e\" data-element_type=\"column\">\n\t\t\t<div class=\"elementor-widget-wrap elementor-element-populated\">\n\t\t\t\t\t\t\t<\/div>\n\t\t<\/div>\n\t\t\t\t\t<\/div>\n\t\t<\/section>\n\t\t\t\t<section class=\"elementor-section elementor-top-section elementor-element elementor-element-d597711 elementor-reverse-mobile elementor-section-boxed elementor-section-height-default elementor-section-height-default\" data-id=\"d597711\" data-element_type=\"section\">\n\t\t\t\t\t\t<div class=\"elementor-container elementor-column-gap-default\">\n\t\t\t\t\t<div class=\"elementor-column elementor-col-50 elementor-top-column elementor-element elementor-element-9f85475\" data-id=\"9f85475\" data-element_type=\"column\">\n\t\t\t<div class=\"elementor-widget-wrap elementor-element-populated\">\n\t\t\t\t\t\t<section class=\"elementor-section elementor-inner-section elementor-element elementor-element-9ea6191 elementor-section-boxed elementor-section-height-default elementor-section-height-default\" data-id=\"9ea6191\" data-element_type=\"section\" data-settings=\"{&quot;sticky&quot;:&quot;top&quot;,&quot;sticky_on&quot;:[&quot;desktop&quot;],&quot;sticky_parent&quot;:&quot;yes&quot;,&quot;sticky_offset&quot;:0,&quot;sticky_effects_offset&quot;:0,&quot;sticky_anchor_link_offset&quot;:0}\">\n\t\t\t\t\t\t<div class=\"elementor-container elementor-column-gap-default\">\n\t\t\t\t\t<div class=\"elementor-column elementor-col-100 elementor-inner-column elementor-element elementor-element-3dc1a42\" data-id=\"3dc1a42\" data-element_type=\"column\">\n\t\t\t<div class=\"elementor-widget-wrap elementor-element-populated\">\n\t\t\t\t\t\t<div class=\"elementor-element elementor-element-654bea3 elementor-widget elementor-widget-image\" data-id=\"654bea3\" data-element_type=\"widget\" data-widget_type=\"image.default\">\n\t\t\t\t\t\t\t\t\t\t\t\t\t\t\t<img fetchpriority=\"high\" decoding=\"async\" width=\"1168\" height=\"832\" src=\"https:\/\/helenelopez.com\/wp-content\/uploads\/2025\/12\/helen1-1.jpg\" class=\"attachment-full size-full wp-image-3262\" alt=\"\" srcset=\"https:\/\/helenelopez.com\/wp-content\/uploads\/2025\/12\/helen1-1.jpg 1168w, https:\/\/helenelopez.com\/wp-content\/uploads\/2025\/12\/helen1-1-300x214.jpg 300w, https:\/\/helenelopez.com\/wp-content\/uploads\/2025\/12\/helen1-1-1024x729.jpg 1024w, https:\/\/helenelopez.com\/wp-content\/uploads\/2025\/12\/helen1-1-768x547.jpg 768w, https:\/\/helenelopez.com\/wp-content\/uploads\/2025\/12\/helen1-1-600x427.jpg 600w\" sizes=\"(max-width: 1168px) 100vw, 1168px\" \/>\t\t\t\t\t\t\t\t\t\t\t\t\t\t\t<\/div>\n\t\t\t\t\t<\/div>\n\t\t<\/div>\n\t\t\t\t\t<\/div>\n\t\t<\/section>\n\t\t\t\t\t<\/div>\n\t\t<\/div>\n\t\t\t\t<div class=\"elementor-column elementor-col-50 elementor-top-column elementor-element elementor-element-0d201cc\" data-id=\"0d201cc\" data-element_type=\"column\">\n\t\t\t<div class=\"elementor-widget-wrap elementor-element-populated\">\n\t\t\t\t\t\t<div class=\"elementor-element elementor-element-9263aa2 elementor-widget elementor-widget-heading\" data-id=\"9263aa2\" data-element_type=\"widget\" data-settings=\"{&quot;_animation&quot;:&quot;none&quot;,&quot;_animation_delay&quot;:500}\" data-widget_type=\"heading.default\">\n\t\t\t\t\t<h2 class=\"elementor-heading-title elementor-size-default\">Quels effets positifs peut-on attendre du neurofeedback ?<\/h2>\t\t\t\t<\/div>\n\t\t\t\t<div class=\"elementor-element elementor-element-1e18c7b elementor-widget elementor-widget-text-editor\" data-id=\"1e18c7b\" data-element_type=\"widget\" data-settings=\"{&quot;_animation&quot;:&quot;none&quot;,&quot;_animation_delay&quot;:600}\" data-widget_type=\"text-editor.default\">\n\t\t\t\t\t\t\t\t\t<p>L\u2019entra\u00eenement c\u00e9r\u00e9bral avec NeurOptimal\u00ae est con\u00e7u pour <strong>favoriser la flexibilit\u00e9 et l\u2019autor\u00e9gulation naturelle du syst\u00e8me nerveux<\/strong>. Lorsque le cerveau re\u00e7oit des informations en temps r\u00e9el sur son propre fonctionnement, il peut <strong>se r\u00e9organiser de mani\u00e8re plus efficace<\/strong>, ce qui se traduit par un <strong>plus grand \u00e9quilibre et un bien-\u00eatre g\u00e9n\u00e9ral<\/strong>.<\/p><p>Cette m\u00e9thode agit de mani\u00e8re globale, ce qui signifie qu\u2019elle ne se centre pas sur une capacit\u00e9 sp\u00e9cifique, mais soutient le cerveau dans son ensemble. Cela peut par cons\u00e9quent influencer positivement diff\u00e9rents aspects de la vie quotidienne :<strong> clart\u00e9 mentale, sommeil, concentration, m\u00e9moire, gestion \u00e9motionnelle, cr\u00e9ativit\u00e9, relaxation<\/strong>, etc., <strong>chaque personne ressentant<\/strong> toutefois <strong>des changements dans des domaines diff\u00e9rents<\/strong>.<\/p><p>Cette approche globale invite \u00e0 <strong>ne pas fixer d\u2019attentes sur un seul domaine<\/strong>. En effet, en agissant sur le syst\u00e8me nerveux central (le chef d\u2019orchestre du corps et de l\u2019esprit), le neurofeedback offre un <strong>champ d\u2019action tr\u00e8s large<\/strong>. <strong>Les effets varient d\u2019une personne \u00e0 l\u2019autre et se manifestent \u00e0 diff\u00e9rents moments<\/strong>, <strong>puisque chaque cerveau r\u00e9agit de mani\u00e8re unique<\/strong>.<\/p><p>Les <strong>changements rapport\u00e9s<\/strong> <strong>par les<\/strong> <strong>utilisateurs<\/strong> sont observ\u00e9s dans les domaines suivants :<\/p><ul><li><strong>\u00c9motionnel et psychologique<\/strong><\/li><li><strong>Cognitif<\/strong><\/li><li><strong style=\"font-size: 16px;\">Physique<\/strong><\/li><\/ul>\t\t\t\t\t\t\t\t<\/div>\n\t\t\t\t\t<\/div>\n\t\t<\/div>\n\t\t\t\t\t<\/div>\n\t\t<\/section>\n\t\t\t\t<section class=\"elementor-section elementor-top-section elementor-element elementor-element-7bd84a8 elementor-section-boxed elementor-section-height-default elementor-section-height-default\" data-id=\"7bd84a8\" data-element_type=\"section\" data-settings=\"{&quot;background_background&quot;:&quot;classic&quot;}\">\n\t\t\t\t\t\t\t<div class=\"elementor-background-overlay\"><\/div>\n\t\t\t\t\t\t\t<div class=\"elementor-container elementor-column-gap-default\">\n\t\t\t\t\t<div class=\"elementor-column elementor-col-100 elementor-top-column elementor-element elementor-element-6af6d9d\" data-id=\"6af6d9d\" data-element_type=\"column\">\n\t\t\t<div class=\"elementor-widget-wrap elementor-element-populated\">\n\t\t\t\t\t\t<section class=\"elementor-section elementor-inner-section elementor-element elementor-element-cbee43b elementor-section-boxed elementor-section-height-default elementor-section-height-default\" data-id=\"cbee43b\" data-element_type=\"section\">\n\t\t\t\t\t\t<div class=\"elementor-container elementor-column-gap-default\">\n\t\t\t\t\t<div class=\"elementor-column elementor-col-100 elementor-inner-column elementor-element elementor-element-4b6e29d\" data-id=\"4b6e29d\" data-element_type=\"column\">\n\t\t\t<div class=\"elementor-widget-wrap elementor-element-populated\">\n\t\t\t\t\t\t<div class=\"elementor-element elementor-element-c6a7588 elementor-widget elementor-widget-heading\" data-id=\"c6a7588\" data-element_type=\"widget\" data-settings=\"{&quot;_animation&quot;:&quot;none&quot;,&quot;_animation_delay&quot;:500}\" data-widget_type=\"heading.default\">\n\t\t\t\t\t<h2 class=\"elementor-heading-title elementor-size-default\">Bienfaits \u00e9motionnels et psychologiques<\/h2>\t\t\t\t<\/div>\n\t\t\t\t<div class=\"elementor-element elementor-element-acf72e4 elementor-widget elementor-widget-text-editor\" data-id=\"acf72e4\" data-element_type=\"widget\" data-settings=\"{&quot;_animation&quot;:&quot;none&quot;,&quot;_animation_delay&quot;:600}\" data-widget_type=\"text-editor.default\">\n\t\t\t\t\t\t\t\t\t<p>Les utilisateurs rapportent le plus souvent un <strong>sentiment accru de s\u00e9r\u00e9nit\u00e9 et de paix int\u00e9rieure<\/strong>, ainsi qu\u2019une <strong>plus grande capacit\u00e9 \u00e0 faire face aux d\u00e9fis du quotidien. <\/strong>Parmi les changements les plus courants, on retrouve :<\/p><ul><li><strong>Meilleure gestion du stress<\/strong> et des <strong>\u00e9motions<\/strong>.<\/li><li>Sentiment de <strong>calme<\/strong> et de <strong>bien-\u00eatre<\/strong>.<\/li><li>Plus grande <strong>confiance en soi<\/strong>.<\/li><li><strong>Humeur plus stable et positive<\/strong>.<\/li><li>Augmentation de <strong>l\u2019\u00e9nergie<\/strong> et de la <strong>motivation<\/strong>.<\/li><\/ul><p>Certaines personnes utilisent \u00e9galement NeurOptimal\u00ae comme compl\u00e9ment \u00e0 d\u2019autres processus de d\u00e9veloppement personnel ou th\u00e9rapies, notamment lors de moments de <strong>deuil, s\u00e9paration, d\u00e9pression, burn-out, phobies ou addictions<\/strong>.\u00a0<\/p>\t\t\t\t\t\t\t\t<\/div>\n\t\t\t\t\t<\/div>\n\t\t<\/div>\n\t\t\t\t\t<\/div>\n\t\t<\/section>\n\t\t\t\t\t<\/div>\n\t\t<\/div>\n\t\t\t\t\t<\/div>\n\t\t<\/section>\n\t\t\t\t<section class=\"elementor-section elementor-top-section elementor-element elementor-element-3b9da72 elementor-reverse-mobile elementor-section-boxed elementor-section-height-default elementor-section-height-default\" data-id=\"3b9da72\" data-element_type=\"section\">\n\t\t\t\t\t\t<div class=\"elementor-container elementor-column-gap-default\">\n\t\t\t\t\t<div class=\"elementor-column elementor-col-50 elementor-top-column elementor-element elementor-element-f8d34b9\" data-id=\"f8d34b9\" data-element_type=\"column\">\n\t\t\t<div class=\"elementor-widget-wrap elementor-element-populated\">\n\t\t\t\t\t\t<div class=\"elementor-element elementor-element-ceb412d elementor-widget elementor-widget-heading\" data-id=\"ceb412d\" data-element_type=\"widget\" data-settings=\"{&quot;_animation&quot;:&quot;none&quot;,&quot;_animation_delay&quot;:500}\" data-widget_type=\"heading.default\">\n\t\t\t\t\t<h2 class=\"elementor-heading-title elementor-size-default\">Bienfaits cognitifs<\/h2>\t\t\t\t<\/div>\n\t\t\t\t<div class=\"elementor-element elementor-element-f3679a9 elementor-widget elementor-widget-text-editor\" data-id=\"f3679a9\" data-element_type=\"widget\" data-settings=\"{&quot;_animation&quot;:&quot;none&quot;,&quot;_animation_delay&quot;:600}\" data-widget_type=\"text-editor.default\">\n\t\t\t\t\t\t\t\t\t<p>Parmi les <strong>changements<\/strong> les plus fr\u00e9quemment rapport\u00e9s par les utilisateurs, on retrouve <strong>une plus grande clart\u00e9 mentale, une meilleure concentration et une capacit\u00e9 accrue \u00e0 prendre des d\u00e9cisions<\/strong>. D\u2019autres changements observ\u00e9s incluent :<\/p><ul><li>Am\u00e9liorations de l\u2019<strong>attention<\/strong>, de la <strong>communication<\/strong> ou du <strong>comportement<\/strong> chez les enfants et adolescents pr\u00e9sentant un trouble de l\u2019attention\/hyperactivit\u00e9 (<strong>TDA\/TDAH<\/strong>), des difficult\u00e9s d\u2019apprentissage (<strong>dyslexie, dyspraxie, dyscalculie<\/strong>) ou un trouble du spectre autistique (<strong>TSA<\/strong>).<\/li><li>Meilleure <strong>organisation<\/strong> et <strong>productivit\u00e9<\/strong> dans les t\u00e2ches quotidiennes.<\/li><li>Augmentation de la <strong>cr\u00e9ativit\u00e9<\/strong>.<\/li><li>Soutien \u00e0 l\u2019<strong>apprentissage<\/strong> et \u00e0 la <strong>m\u00e9moire<\/strong>.<\/li><\/ul>\t\t\t\t\t\t\t\t<\/div>\n\t\t\t\t\t<\/div>\n\t\t<\/div>\n\t\t\t\t<div class=\"elementor-column elementor-col-50 elementor-top-column elementor-element elementor-element-d5a8cbd\" data-id=\"d5a8cbd\" data-element_type=\"column\">\n\t\t\t<div class=\"elementor-widget-wrap elementor-element-populated\">\n\t\t\t\t\t\t<section class=\"elementor-section elementor-inner-section elementor-element elementor-element-ec926dc elementor-section-boxed elementor-section-height-default elementor-section-height-default\" data-id=\"ec926dc\" data-element_type=\"section\" data-settings=\"{&quot;sticky&quot;:&quot;top&quot;,&quot;sticky_on&quot;:[&quot;desktop&quot;],&quot;sticky_parent&quot;:&quot;yes&quot;,&quot;sticky_offset&quot;:0,&quot;sticky_effects_offset&quot;:0,&quot;sticky_anchor_link_offset&quot;:0}\">\n\t\t\t\t\t\t<div class=\"elementor-container elementor-column-gap-default\">\n\t\t\t\t\t<div class=\"elementor-column elementor-col-100 elementor-inner-column elementor-element elementor-element-14f037e\" data-id=\"14f037e\" data-element_type=\"column\">\n\t\t\t<div class=\"elementor-widget-wrap elementor-element-populated\">\n\t\t\t\t\t\t<div class=\"elementor-element elementor-element-4587837 elementor-widget elementor-widget-image\" data-id=\"4587837\" data-element_type=\"widget\" data-widget_type=\"image.default\">\n\t\t\t\t\t\t\t\t\t\t\t\t\t\t\t<img decoding=\"async\" width=\"1248\" height=\"754\" src=\"https:\/\/helenelopez.com\/wp-content\/uploads\/2025\/12\/Gemini_Generated_Image_qf0x0wqf0.jpg\" class=\"attachment-full size-full wp-image-3263\" alt=\"\" srcset=\"https:\/\/helenelopez.com\/wp-content\/uploads\/2025\/12\/Gemini_Generated_Image_qf0x0wqf0.jpg 1248w, https:\/\/helenelopez.com\/wp-content\/uploads\/2025\/12\/Gemini_Generated_Image_qf0x0wqf0-300x181.jpg 300w, https:\/\/helenelopez.com\/wp-content\/uploads\/2025\/12\/Gemini_Generated_Image_qf0x0wqf0-1024x619.jpg 1024w, https:\/\/helenelopez.com\/wp-content\/uploads\/2025\/12\/Gemini_Generated_Image_qf0x0wqf0-768x464.jpg 768w, https:\/\/helenelopez.com\/wp-content\/uploads\/2025\/12\/Gemini_Generated_Image_qf0x0wqf0-600x363.jpg 600w\" sizes=\"(max-width: 1248px) 100vw, 1248px\" \/>\t\t\t\t\t\t\t\t\t\t\t\t\t\t\t<\/div>\n\t\t\t\t\t<\/div>\n\t\t<\/div>\n\t\t\t\t\t<\/div>\n\t\t<\/section>\n\t\t\t\t\t<\/div>\n\t\t<\/div>\n\t\t\t\t\t<\/div>\n\t\t<\/section>\n\t\t\t\t<section class=\"elementor-section elementor-top-section elementor-element elementor-element-29b2e6c elementor-section-boxed elementor-section-height-default elementor-section-height-default\" data-id=\"29b2e6c\" data-element_type=\"section\" data-settings=\"{&quot;background_background&quot;:&quot;classic&quot;}\">\n\t\t\t\t\t\t<div class=\"elementor-container elementor-column-gap-default\">\n\t\t\t\t\t<div class=\"elementor-column elementor-col-50 elementor-top-column elementor-element elementor-element-16e3baf\" data-id=\"16e3baf\" data-element_type=\"column\">\n\t\t\t<div class=\"elementor-widget-wrap elementor-element-populated\">\n\t\t\t\t\t\t<section class=\"elementor-section elementor-inner-section elementor-element elementor-element-29871ff elementor-section-boxed elementor-section-height-default elementor-section-height-default\" data-id=\"29871ff\" data-element_type=\"section\" data-settings=\"{&quot;sticky&quot;:&quot;top&quot;,&quot;sticky_on&quot;:[&quot;desktop&quot;],&quot;sticky_parent&quot;:&quot;yes&quot;,&quot;sticky_offset&quot;:0,&quot;sticky_effects_offset&quot;:0,&quot;sticky_anchor_link_offset&quot;:0}\">\n\t\t\t\t\t\t<div class=\"elementor-container elementor-column-gap-default\">\n\t\t\t\t\t<div class=\"elementor-column elementor-col-100 elementor-inner-column elementor-element elementor-element-700e2a3\" data-id=\"700e2a3\" data-element_type=\"column\">\n\t\t\t<div class=\"elementor-widget-wrap elementor-element-populated\">\n\t\t\t\t\t\t<div class=\"elementor-element elementor-element-bdc985c elementor-widget elementor-widget-image\" data-id=\"bdc985c\" data-element_type=\"widget\" data-widget_type=\"image.default\">\n\t\t\t\t\t\t\t\t\t\t\t\t\t\t\t<img decoding=\"async\" width=\"1161\" height=\"754\" src=\"https:\/\/helenelopez.com\/wp-content\/uploads\/2025\/12\/Gemini_Generated_Image_42kmxo42k.jpg\" class=\"attachment-full size-full wp-image-3264\" alt=\"\" srcset=\"https:\/\/helenelopez.com\/wp-content\/uploads\/2025\/12\/Gemini_Generated_Image_42kmxo42k.jpg 1161w, https:\/\/helenelopez.com\/wp-content\/uploads\/2025\/12\/Gemini_Generated_Image_42kmxo42k-300x195.jpg 300w, https:\/\/helenelopez.com\/wp-content\/uploads\/2025\/12\/Gemini_Generated_Image_42kmxo42k-1024x665.jpg 1024w, https:\/\/helenelopez.com\/wp-content\/uploads\/2025\/12\/Gemini_Generated_Image_42kmxo42k-768x499.jpg 768w, https:\/\/helenelopez.com\/wp-content\/uploads\/2025\/12\/Gemini_Generated_Image_42kmxo42k-600x390.jpg 600w\" sizes=\"(max-width: 1161px) 100vw, 1161px\" \/>\t\t\t\t\t\t\t\t\t\t\t\t\t\t\t<\/div>\n\t\t\t\t\t<\/div>\n\t\t<\/div>\n\t\t\t\t\t<\/div>\n\t\t<\/section>\n\t\t\t\t\t<\/div>\n\t\t<\/div>\n\t\t\t\t<div class=\"elementor-column elementor-col-50 elementor-top-column elementor-element elementor-element-9bf4b71\" data-id=\"9bf4b71\" data-element_type=\"column\">\n\t\t\t<div class=\"elementor-widget-wrap elementor-element-populated\">\n\t\t\t\t\t\t<div class=\"elementor-element elementor-element-b3da5a5 elementor-widget elementor-widget-heading\" data-id=\"b3da5a5\" data-element_type=\"widget\" data-settings=\"{&quot;_animation&quot;:&quot;none&quot;,&quot;_animation_delay&quot;:500}\" data-widget_type=\"heading.default\">\n\t\t\t\t\t<h2 class=\"elementor-heading-title elementor-size-default\">Bienfaits physiques<\/h2>\t\t\t\t<\/div>\n\t\t\t\t<div class=\"elementor-element elementor-element-0ce7084 elementor-widget elementor-widget-text-editor\" data-id=\"0ce7084\" data-element_type=\"widget\" data-settings=\"{&quot;_animation&quot;:&quot;none&quot;,&quot;_animation_delay&quot;:600}\" data-widget_type=\"text-editor.default\">\n\t\t\t\t\t\t\t\t\t<p>Sur le <strong>plan physique<\/strong>, de nombreux utilisateurs rapportent :<\/p><ul><li>Am\u00e9lioration de la <strong>qualit\u00e9 du sommeil<\/strong> et de la <strong>r\u00e9cup\u00e9ration<\/strong>.<\/li><li>Augmentation de la <strong>vitalit\u00e9<\/strong> et des <strong>performances sportives<\/strong>.<\/li><li>R\u00e9duction de la <strong>tension musculaire<\/strong>, des <strong>migraines<\/strong> ou des <strong>douleurs chroniques<\/strong>.<\/li><\/ul>\t\t\t\t\t\t\t\t<\/div>\n\t\t\t\t\t<\/div>\n\t\t<\/div>\n\t\t\t\t\t<\/div>\n\t\t<\/section>\n\t\t\t\t<section class=\"elementor-section elementor-top-section elementor-element elementor-element-adc6ab4 elementor-reverse-mobile elementor-section-boxed elementor-section-height-default elementor-section-height-default\" data-id=\"adc6ab4\" data-element_type=\"section\">\n\t\t\t\t\t\t<div class=\"elementor-container elementor-column-gap-default\">\n\t\t\t\t\t<div class=\"elementor-column elementor-col-100 elementor-top-column elementor-element elementor-element-97fd87f\" data-id=\"97fd87f\" data-element_type=\"column\">\n\t\t\t<div class=\"elementor-widget-wrap elementor-element-populated\">\n\t\t\t\t\t\t<div class=\"elementor-element elementor-element-0a316e6 elementor-widget elementor-widget-text-editor\" data-id=\"0a316e6\" data-element_type=\"widget\" data-settings=\"{&quot;_animation&quot;:&quot;none&quot;,&quot;_animation_delay&quot;:600}\" data-widget_type=\"text-editor.default\">\n\t\t\t\t\t\t\t\t\t<div id=\"bgLayers_comp-m1yp2s3t\" class=\"MW5IWV\" data-hook=\"bgLayers\" data-motion-part=\"BG_LAYER comp-m1yp2s3t\"><div id=\"bgMedia_comp-m1yp2s3t\" class=\"VgO9Yg\" data-motion-part=\"BG_MEDIA comp-m1yp2s3t\"><p>Il est important de comprendre que <strong>les changements et les sensations varient d\u2019une personne \u00e0 l\u2019autre<\/strong>. <strong>Chaque exp\u00e9rience est unique<\/strong>, et les changements tendent \u00e0 se renforcer avec une pratique r\u00e9guli\u00e8re de l\u2019entra\u00eenement.<\/p><p>\u00a0<\/p><p>NeurOptimal\u00ae n\u2019est pas un traitement m\u00e9dical et n\u2019est pas destin\u00e9 \u00e0 diagnostiquer ou gu\u00e9rir des maladies.<\/p><\/div><\/div>\t\t\t\t\t\t\t\t<\/div>\n\t\t\t\t\t<\/div>\n\t\t<\/div>\n\t\t\t\t\t<\/div>\n\t\t<\/section>\n\t\t\t\t<\/div>\n\t\t\n    <div class=\"xs_social_share_widget xs_share_url after_content \t\tmain_content  wslu-style-1 wslu-share-box-shaped wslu-fill-colored wslu-none wslu-share-horizontal wslu-theme-font-no wslu-main_content\">\n\n\t\t\n        <ul>\n\t\t\t        <\/ul>\n    <\/div> \n","protected":false},"excerpt":{"rendered":"<p>Quels effets positifs peut-on attendre du neurofeedback ? L\u2019entra\u00eenement c\u00e9r\u00e9bral avec NeurOptimal\u00ae est con\u00e7u pour favoriser la flexibilit\u00e9 et l\u2019autor\u00e9gulation [&hellip;]<\/p>\n","protected":false},"author":1,"featured_media":0,"parent":0,"menu_order":0,"comment_status":"closed","ping_status":"closed","template":"elementor_header_footer","meta":{"_acf_changed":false,"postBodyCss":"","postBodyMargin":[],"postBodyPadding":[],"postBodyBackground":{"backgroundType":"classic","gradient":""},"site-sidebar-layout":"no-sidebar","site-content-layout":"","ast-site-content-layout":"full-width-container","site-content-style":"default","site-sidebar-style":"default","ast-global-header-display":"","ast-banner-title-visibility":"","ast-main-header-display":"","ast-hfb-above-header-display":"","ast-hfb-below-header-display":"","ast-hfb-mobile-header-display":"","site-post-title":"","ast-breadcrumbs-content":"","ast-featured-img":"disabled","footer-sml-layout":"","ast-disable-related-posts":"","theme-transparent-header-meta":"default","adv-header-id-meta":"","stick-header-meta":"","header-above-stick-meta":"","header-main-stick-meta":"","header-below-stick-meta":"","astra-migrate-meta-layouts":"set","ast-page-background-enabled":"default","ast-page-background-meta":{"desktop":{"background-color":"var(--ast-global-color-5)","background-image":"","background-repeat":"repeat","background-position":"center center","background-size":"auto","background-attachment":"scroll","background-type":"","background-media":"","overlay-type":"","overlay-color":"","overlay-opacity":"","overlay-gradient":""},"tablet":{"background-color":"","background-image":"","background-repeat":"repeat","background-position":"center center","background-size":"auto","background-attachment":"scroll","background-type":"","background-media":"","overlay-type":"","overlay-color":"","overlay-opacity":"","overlay-gradient":""},"mobile":{"background-color":"","background-image":"","background-repeat":"repeat","background-position":"center center","background-size":"auto","background-attachment":"scroll","background-type":"","background-media":"","overlay-type":"","overlay-color":"","overlay-opacity":"","overlay-gradient":""}},"ast-content-background-meta":{"desktop":{"background-color":"var(--ast-global-color-4)","background-image":"","background-repeat":"repeat","background-position":"center center","background-size":"auto","background-attachment":"scroll","background-type":"","background-media":"","overlay-type":"","overlay-color":"","overlay-opacity":"","overlay-gradient":""},"tablet":{"background-color":"var(--ast-global-color-4)","background-image":"","background-repeat":"repeat","background-position":"center center","background-size":"auto","background-attachment":"scroll","background-type":"","background-media":"","overlay-type":"","overlay-color":"","overlay-opacity":"","overlay-gradient":""},"mobile":{"background-color":"var(--ast-global-color-4)","background-image":"","background-repeat":"repeat","background-position":"center center","background-size":"auto","background-attachment":"scroll","background-type":"","background-media":"","overlay-type":"","overlay-color":"","overlay-opacity":"","overlay-gradient":""}},"_joinchat":[],"footnotes":""},"class_list":["post-3241","page","type-page","status-publish","hentry"],"acf":[],"aioseo_notices":[],"_links":{"self":[{"href":"https:\/\/helenelopez.com\/fr\/wp-json\/wp\/v2\/pages\/3241","targetHints":{"allow":["GET"]}}],"collection":[{"href":"https:\/\/helenelopez.com\/fr\/wp-json\/wp\/v2\/pages"}],"about":[{"href":"https:\/\/helenelopez.com\/fr\/wp-json\/wp\/v2\/types\/page"}],"author":[{"embeddable":true,"href":"https:\/\/helenelopez.com\/fr\/wp-json\/wp\/v2\/users\/1"}],"replies":[{"embeddable":true,"href":"https:\/\/helenelopez.com\/fr\/wp-json\/wp\/v2\/comments?post=3241"}],"version-history":[{"count":56,"href":"https:\/\/helenelopez.com\/fr\/wp-json\/wp\/v2\/pages\/3241\/revisions"}],"predecessor-version":[{"id":5372,"href":"https:\/\/helenelopez.com\/fr\/wp-json\/wp\/v2\/pages\/3241\/revisions\/5372"}],"wp:attachment":[{"href":"https:\/\/helenelopez.com\/fr\/wp-json\/wp\/v2\/media?parent=3241"}],"curies":[{"name":"wp","href":"https:\/\/api.w.org\/{rel}","templated":true}]}}