{"id":3217,"date":"2025-10-01T02:07:32","date_gmt":"2025-10-01T02:07:32","guid":{"rendered":"https:\/\/helenelopez.com\/como-se-desarrolla-una-sesion\/"},"modified":"2026-01-31T22:01:06","modified_gmt":"2026-01-31T22:01:06","slug":"comment-se-deroule-une-seance","status":"publish","type":"page","link":"https:\/\/helenelopez.com\/fr\/comment-se-deroule-une-seance\/","title":{"rendered":"Comment se d\u00e9roule une s\u00e9ance ?"},"content":{"rendered":"\t\t<div data-elementor-type=\"wp-page\" data-elementor-id=\"3217\" class=\"elementor elementor-3217 elementor-570\" data-elementor-post-type=\"page\">\n\t\t\t\t\t\t<section class=\"elementor-section elementor-top-section elementor-element elementor-element-6fc410f elementor-section-full_width elementor-section-height-default elementor-section-height-default\" data-id=\"6fc410f\" data-element_type=\"section\" data-settings=\"{&quot;background_background&quot;:&quot;classic&quot;}\">\n\t\t\t\t\t\t\t<div class=\"elementor-background-overlay\"><\/div>\n\t\t\t\t\t\t\t<div class=\"elementor-container elementor-column-gap-default\">\n\t\t\t\t\t<div class=\"elementor-column elementor-col-100 elementor-top-column elementor-element elementor-element-514f69f\" data-id=\"514f69f\" data-element_type=\"column\">\n\t\t\t<div class=\"elementor-widget-wrap elementor-element-populated\">\n\t\t\t\t\t\t\t<\/div>\n\t\t<\/div>\n\t\t\t\t\t<\/div>\n\t\t<\/section>\n\t\t\t\t<section class=\"elementor-section elementor-top-section elementor-element elementor-element-5133dc7 elementor-section-boxed elementor-section-height-default elementor-section-height-default\" data-id=\"5133dc7\" data-element_type=\"section\" data-settings=\"{&quot;background_background&quot;:&quot;classic&quot;}\">\n\t\t\t\t\t\t<div class=\"elementor-container elementor-column-gap-default\">\n\t\t\t\t\t<div class=\"elementor-column elementor-col-50 elementor-top-column elementor-element elementor-element-1ab03b3\" data-id=\"1ab03b3\" data-element_type=\"column\">\n\t\t\t<div class=\"elementor-widget-wrap elementor-element-populated\">\n\t\t\t\t\t\t<section class=\"elementor-section elementor-inner-section elementor-element elementor-element-c36ff73 elementor-section-boxed elementor-section-height-default elementor-section-height-default\" data-id=\"c36ff73\" data-element_type=\"section\" data-settings=\"{&quot;sticky&quot;:&quot;top&quot;,&quot;sticky_on&quot;:[&quot;desktop&quot;],&quot;sticky_parent&quot;:&quot;yes&quot;,&quot;sticky_offset&quot;:0,&quot;sticky_effects_offset&quot;:0,&quot;sticky_anchor_link_offset&quot;:0}\">\n\t\t\t\t\t\t<div class=\"elementor-container elementor-column-gap-default\">\n\t\t\t\t\t<div class=\"elementor-column elementor-col-100 elementor-inner-column elementor-element elementor-element-b3a8bf1\" data-id=\"b3a8bf1\" data-element_type=\"column\">\n\t\t\t<div class=\"elementor-widget-wrap elementor-element-populated\">\n\t\t\t\t\t\t<div class=\"elementor-element elementor-element-d9c74b2 elementor-widget elementor-widget-image\" data-id=\"d9c74b2\" data-element_type=\"widget\" data-settings=\"{&quot;_animation&quot;:&quot;none&quot;}\" data-widget_type=\"image.default\">\n\t\t\t\t\t\t\t\t\t\t\t\t\t\t\t<img fetchpriority=\"high\" decoding=\"async\" width=\"1248\" height=\"832\" src=\"https:\/\/helenelopez.com\/wp-content\/uploads\/2025\/11\/Gemini_Generated_Image_msxjy3msxjy3msxj.png\" class=\"attachment-full size-full wp-image-3221\" alt=\"\" srcset=\"https:\/\/helenelopez.com\/wp-content\/uploads\/2025\/11\/Gemini_Generated_Image_msxjy3msxjy3msxj.png 1248w, https:\/\/helenelopez.com\/wp-content\/uploads\/2025\/11\/Gemini_Generated_Image_msxjy3msxjy3msxj-300x200.png 300w, https:\/\/helenelopez.com\/wp-content\/uploads\/2025\/11\/Gemini_Generated_Image_msxjy3msxjy3msxj-1024x683.png 1024w, https:\/\/helenelopez.com\/wp-content\/uploads\/2025\/11\/Gemini_Generated_Image_msxjy3msxjy3msxj-768x512.png 768w, https:\/\/helenelopez.com\/wp-content\/uploads\/2025\/11\/Gemini_Generated_Image_msxjy3msxjy3msxj-600x400.png 600w\" sizes=\"(max-width: 1248px) 100vw, 1248px\" \/>\t\t\t\t\t\t\t\t\t\t\t\t\t\t\t<\/div>\n\t\t\t\t\t<\/div>\n\t\t<\/div>\n\t\t\t\t\t<\/div>\n\t\t<\/section>\n\t\t\t\t\t<\/div>\n\t\t<\/div>\n\t\t\t\t<div class=\"elementor-column elementor-col-50 elementor-top-column elementor-element elementor-element-f3f3786\" data-id=\"f3f3786\" data-element_type=\"column\">\n\t\t\t<div class=\"elementor-widget-wrap elementor-element-populated\">\n\t\t\t\t\t\t<div class=\"elementor-element elementor-element-d9923cc elementor-widget elementor-widget-heading\" data-id=\"d9923cc\" data-element_type=\"widget\" data-settings=\"{&quot;_animation&quot;:&quot;none&quot;,&quot;_animation_delay&quot;:500}\" data-widget_type=\"heading.default\">\n\t\t\t\t\t<h2 class=\"elementor-heading-title elementor-size-default\">Comment se d\u00e9roule une s\u00e9ance de neurofeedback NeurOptimal\u00ae ?<\/h2>\t\t\t\t<\/div>\n\t\t\t\t<div class=\"elementor-element elementor-element-f92daca elementor-widget elementor-widget-text-editor\" data-id=\"f92daca\" data-element_type=\"widget\" data-settings=\"{&quot;_animation&quot;:&quot;none&quot;,&quot;_animation_delay&quot;:600}\" data-widget_type=\"text-editor.default\">\n\t\t\t\t\t\t\t\t\t<p>Les s\u00e9ances de NeurOptimal\u00ae se font toujours sur rendez-vous, dans un environnement serein et soign\u00e9.<\/p><p><strong>Chaque s\u00e9ance dure environ 50 minutes<\/strong>, offrant un moment de repos et de bien-\u00eatre.<\/p><p>Vous vous installez confortablement dans un fauteuil inclinable, vous pouvez regarder un film, \u00e9couter de la musique relaxante, ou simplement prendre du temps pour vous. Vous avez m\u00eame la possibilit\u00e9 de lire ou de travailler si vous le souhaitez !<\/p>\t\t\t\t\t\t\t\t<\/div>\n\t\t\t\t\t<\/div>\n\t\t<\/div>\n\t\t\t\t\t<\/div>\n\t\t<\/section>\n\t\t\t\t<section class=\"elementor-section elementor-top-section elementor-element elementor-element-0e00e50 elementor-reverse-mobile elementor-section-boxed elementor-section-height-default elementor-section-height-default\" data-id=\"0e00e50\" data-element_type=\"section\" data-settings=\"{&quot;background_background&quot;:&quot;classic&quot;}\">\n\t\t\t\t\t\t<div class=\"elementor-container elementor-column-gap-default\">\n\t\t\t\t\t<div class=\"elementor-column elementor-col-50 elementor-top-column elementor-element elementor-element-3dbc51c\" data-id=\"3dbc51c\" data-element_type=\"column\">\n\t\t\t<div class=\"elementor-widget-wrap elementor-element-populated\">\n\t\t\t\t\t\t<div class=\"elementor-element elementor-element-36b834c elementor-widget elementor-widget-heading\" data-id=\"36b834c\" data-element_type=\"widget\" data-settings=\"{&quot;_animation&quot;:&quot;none&quot;,&quot;_animation_delay&quot;:500}\" data-widget_type=\"heading.default\">\n\t\t\t\t\t<h2 class=\"elementor-heading-title elementor-size-default\">Lors d\u2019une s\u00e9ance de Neurofeedback NeurOptimal\u00ae, plusieurs processus se d\u00e9roulent en continu:<\/h2>\t\t\t\t<\/div>\n\t\t\t\t<div class=\"elementor-element elementor-element-a723b15 elementor-widget elementor-widget-text-editor\" data-id=\"a723b15\" data-element_type=\"widget\" data-settings=\"{&quot;_animation&quot;:&quot;none&quot;,&quot;_animation_delay&quot;:600}\" data-widget_type=\"text-editor.default\">\n\t\t\t\t\t\t\t\t\t<ol><li><strong>Mesure de l\u2019activit\u00e9 c\u00e9r\u00e9brale<\/strong> : De petits capteurs plac\u00e9s sur le cuir chevelu enregistrent l\u2019activit\u00e9 \u00e9lectrique du cerveau, puis le syst\u00e8me l\u2019analyse.<\/li><li><strong>R\u00e9troaction (feedback)<\/strong> : Lorsque le syst\u00e8me d\u00e9tecte des variations sp\u00e9cifiques dans l\u2019activit\u00e9 c\u00e9r\u00e9brale, il produit des micro-coupures dans la musique ou le son que vous \u00e9coutez. Ces pauses fonctionnent comme un miroir, montrant au cerveau sa propre activit\u00e9.<\/li><li><strong>Ajustement du syst\u00e8me nerveux central<\/strong> : Le cerveau, qui tend naturellement \u00e0 l\u2019\u00e9quilibre et recherche l\u2019efficacit\u00e9, per\u00e7oit ces signaux et s\u2019adapte de mani\u00e8re automatique, <strong>sans effort conscient<\/strong>, en tirant parti de sa <strong>capacit\u00e9 \u00e0 se r\u00e9organiser et \u00e0 s\u2019adapter<\/strong> naturellement.<\/li><\/ol>\t\t\t\t\t\t\t\t<\/div>\n\t\t\t\t\t<\/div>\n\t\t<\/div>\n\t\t\t\t<div class=\"elementor-column elementor-col-50 elementor-top-column elementor-element elementor-element-599f479\" data-id=\"599f479\" data-element_type=\"column\">\n\t\t\t<div class=\"elementor-widget-wrap elementor-element-populated\">\n\t\t\t\t\t\t<section class=\"elementor-section elementor-inner-section elementor-element elementor-element-2463d35 elementor-section-boxed elementor-section-height-default elementor-section-height-default\" data-id=\"2463d35\" data-element_type=\"section\" data-settings=\"{&quot;sticky&quot;:&quot;top&quot;,&quot;sticky_on&quot;:[&quot;desktop&quot;],&quot;sticky_parent&quot;:&quot;yes&quot;,&quot;sticky_offset&quot;:0,&quot;sticky_effects_offset&quot;:0,&quot;sticky_anchor_link_offset&quot;:0}\">\n\t\t\t\t\t\t<div class=\"elementor-container elementor-column-gap-default\">\n\t\t\t\t\t<div class=\"elementor-column elementor-col-100 elementor-inner-column elementor-element elementor-element-6eac140\" data-id=\"6eac140\" data-element_type=\"column\">\n\t\t\t<div class=\"elementor-widget-wrap elementor-element-populated\">\n\t\t\t\t\t\t<div class=\"elementor-element elementor-element-d7f49a5 elementor-widget elementor-widget-image\" data-id=\"d7f49a5\" data-element_type=\"widget\" data-settings=\"{&quot;_animation&quot;:&quot;none&quot;}\" data-widget_type=\"image.default\">\n\t\t\t\t\t\t\t\t\t\t\t\t\t\t\t<img decoding=\"async\" width=\"1248\" height=\"832\" src=\"https:\/\/helenelopez.com\/wp-content\/uploads\/2025\/11\/20170707-Neuroptimal-Stock-270.jpg\" class=\"attachment-full size-full wp-image-3222\" alt=\"\" srcset=\"https:\/\/helenelopez.com\/wp-content\/uploads\/2025\/11\/20170707-Neuroptimal-Stock-270.jpg 1248w, https:\/\/helenelopez.com\/wp-content\/uploads\/2025\/11\/20170707-Neuroptimal-Stock-270-300x200.jpg 300w, https:\/\/helenelopez.com\/wp-content\/uploads\/2025\/11\/20170707-Neuroptimal-Stock-270-1024x683.jpg 1024w, https:\/\/helenelopez.com\/wp-content\/uploads\/2025\/11\/20170707-Neuroptimal-Stock-270-768x512.jpg 768w, https:\/\/helenelopez.com\/wp-content\/uploads\/2025\/11\/20170707-Neuroptimal-Stock-270-600x400.jpg 600w\" sizes=\"(max-width: 1248px) 100vw, 1248px\" \/>\t\t\t\t\t\t\t\t\t\t\t\t\t\t\t<\/div>\n\t\t\t\t\t<\/div>\n\t\t<\/div>\n\t\t\t\t\t<\/div>\n\t\t<\/section>\n\t\t\t\t\t<\/div>\n\t\t<\/div>\n\t\t\t\t\t<\/div>\n\t\t<\/section>\n\t\t\t\t<section class=\"elementor-section elementor-top-section elementor-element elementor-element-36bfaa6 elementor-reverse-mobile elementor-section-boxed elementor-section-height-default elementor-section-height-default\" data-id=\"36bfaa6\" data-element_type=\"section\">\n\t\t\t\t\t\t<div class=\"elementor-container elementor-column-gap-default\">\n\t\t\t\t\t<div class=\"elementor-column elementor-col-100 elementor-top-column elementor-element elementor-element-068026b\" data-id=\"068026b\" data-element_type=\"column\">\n\t\t\t<div class=\"elementor-widget-wrap elementor-element-populated\">\n\t\t\t\t\t\t<div class=\"elementor-element elementor-element-fba0dbb elementor-widget elementor-widget-text-editor\" data-id=\"fba0dbb\" data-element_type=\"widget\" data-settings=\"{&quot;_animation&quot;:&quot;none&quot;,&quot;_animation_delay&quot;:600}\" data-widget_type=\"text-editor.default\">\n\t\t\t\t\t\t\t\t\t<p><strong>Le cerveau a la capacit\u00e9 de s\u2019autor\u00e9guler et de s\u2019optimiser ; il suffit de lui donner l\u2019opportunit\u00e9 de le faire !<\/strong><\/p>\t\t\t\t\t\t\t\t<\/div>\n\t\t\t\t\t<\/div>\n\t\t<\/div>\n\t\t\t\t\t<\/div>\n\t\t<\/section>\n\t\t\t\t<\/div>\n\t\t\n    <div class=\"xs_social_share_widget xs_share_url after_content \t\tmain_content  wslu-style-1 wslu-share-box-shaped wslu-fill-colored wslu-none wslu-share-horizontal wslu-theme-font-no wslu-main_content\">\n\n\t\t\n        <ul>\n\t\t\t        <\/ul>\n    <\/div> \n","protected":false},"excerpt":{"rendered":"<p>Comment se d\u00e9roule une s\u00e9ance de neurofeedback NeurOptimal\u00ae ? Les s\u00e9ances de NeurOptimal\u00ae se font toujours sur rendez-vous, dans un [&hellip;]<\/p>\n","protected":false},"author":1,"featured_media":0,"parent":0,"menu_order":0,"comment_status":"closed","ping_status":"closed","template":"elementor_header_footer","meta":{"_acf_changed":false,"postBodyCss":"","postBodyMargin":[],"postBodyPadding":[],"postBodyBackground":{"backgroundType":"classic","gradient":""},"site-sidebar-layout":"no-sidebar","site-content-layout":"","ast-site-content-layout":"full-width-container","site-content-style":"default","site-sidebar-style":"default","ast-global-header-display":"","ast-banner-title-visibility":"","ast-main-header-display":"","ast-hfb-above-header-display":"","ast-hfb-below-header-display":"","ast-hfb-mobile-header-display":"","site-post-title":"","ast-breadcrumbs-content":"","ast-featured-img":"disabled","footer-sml-layout":"","ast-disable-related-posts":"","theme-transparent-header-meta":"default","adv-header-id-meta":"","stick-header-meta":"","header-above-stick-meta":"","header-main-stick-meta":"","header-below-stick-meta":"","astra-migrate-meta-layouts":"set","ast-page-background-enabled":"default","ast-page-background-meta":{"desktop":{"background-color":"var(--ast-global-color-5)","background-image":"","background-repeat":"repeat","background-position":"center center","background-size":"auto","background-attachment":"scroll","background-type":"","background-media":"","overlay-type":"","overlay-color":"","overlay-opacity":"","overlay-gradient":""},"tablet":{"background-color":"","background-image":"","background-repeat":"repeat","background-position":"center center","background-size":"auto","background-attachment":"scroll","background-type":"","background-media":"","overlay-type":"","overlay-color":"","overlay-opacity":"","overlay-gradient":""},"mobile":{"background-color":"","background-image":"","background-repeat":"repeat","background-position":"center center","background-size":"auto","background-attachment":"scroll","background-type":"","background-media":"","overlay-type":"","overlay-color":"","overlay-opacity":"","overlay-gradient":""}},"ast-content-background-meta":{"desktop":{"background-color":"var(--ast-global-color-4)","background-image":"","background-repeat":"repeat","background-position":"center center","background-size":"auto","background-attachment":"scroll","background-type":"","background-media":"","overlay-type":"","overlay-color":"","overlay-opacity":"","overlay-gradient":""},"tablet":{"background-color":"var(--ast-global-color-4)","background-image":"","background-repeat":"repeat","background-position":"center center","background-size":"auto","background-attachment":"scroll","background-type":"","background-media":"","overlay-type":"","overlay-color":"","overlay-opacity":"","overlay-gradient":""},"mobile":{"background-color":"var(--ast-global-color-4)","background-image":"","background-repeat":"repeat","background-position":"center center","background-size":"auto","background-attachment":"scroll","background-type":"","background-media":"","overlay-type":"","overlay-color":"","overlay-opacity":"","overlay-gradient":""}},"_joinchat":[],"footnotes":""},"class_list":["post-3217","page","type-page","status-publish","hentry"],"acf":[],"aioseo_notices":[],"_links":{"self":[{"href":"https:\/\/helenelopez.com\/fr\/wp-json\/wp\/v2\/pages\/3217","targetHints":{"allow":["GET"]}}],"collection":[{"href":"https:\/\/helenelopez.com\/fr\/wp-json\/wp\/v2\/pages"}],"about":[{"href":"https:\/\/helenelopez.com\/fr\/wp-json\/wp\/v2\/types\/page"}],"author":[{"embeddable":true,"href":"https:\/\/helenelopez.com\/fr\/wp-json\/wp\/v2\/users\/1"}],"replies":[{"embeddable":true,"href":"https:\/\/helenelopez.com\/fr\/wp-json\/wp\/v2\/comments?post=3217"}],"version-history":[{"count":16,"href":"https:\/\/helenelopez.com\/fr\/wp-json\/wp\/v2\/pages\/3217\/revisions"}],"predecessor-version":[{"id":5144,"href":"https:\/\/helenelopez.com\/fr\/wp-json\/wp\/v2\/pages\/3217\/revisions\/5144"}],"wp:attachment":[{"href":"https:\/\/helenelopez.com\/fr\/wp-json\/wp\/v2\/media?parent=3217"}],"curies":[{"name":"wp","href":"https:\/\/api.w.org\/{rel}","templated":true}]}}